{"id":2,"date":"2016-10-19T06:28:32","date_gmt":"2016-10-19T04:28:32","guid":{"rendered":"http:\/\/mitarbeiter.fh-kaernten.at\/alexanderhagner\/?page_id=2"},"modified":"2016-10-19T09:25:47","modified_gmt":"2016-10-19T07:25:47","slug":"ueber","status":"publish","type":"page","link":"https:\/\/mitarbeiter.fh-kaernten.at\/alexanderhagner\/","title":{"rendered":"\u00dcber"},"content":{"rendered":"<p><strong>Alexander Hagner<\/strong> gr\u00fcndete 1999 gemeinsam mit Ulrike Schartner das Architekturteam <a href=\"http:\/\/www.gaupenraub.net\" target=\"_blank\"><strong>gaupenraub<sup>+\/-<\/sup><\/strong><\/a>.<\/p>\n<p>Nach einer abgeschlossenen Tischlerlehre studierte er an der Universit\u00e4t f\u00fcr Angewandte Kunst, zuerst 3 Jahre bei Johannes Spalt,\u00a0anschlie\u00dfend 5 Jahre bei Wolf D. Prix, wo er mit Auszeichnung diplomierte.<\/p>\n<p>Zu gaupenraubs wichtigsten Projekten z\u00e4hlt das Eiermuseum f\u00fcr den Bildhauer Wander Bertoni in Winden am See,\u00a0ausgezeichnet mit dem Burgenl\u00e4ndischen Architekturpreis und nominiert f\u00fcr den Mies van der Rohe Award,<br \/>\ndie Sanierung und Erweiterung des Betriebsgeb\u00e4udes von MCM Klosterfrau Melissengeist, ausgezeichnet mit dem ETHOUSE Award\u00a0sowie zahlreiche Arbeiten zum Bauen im Bestand.<\/p>\n<p>Daneben engagiert sich Hagner seit \u00fcber 10 Jahren zunehmend in Projekten f\u00fcr benachteiligte Menschen wie z.b. der Notschlafstelle VinziRast, der Realisierung des Memobil, ein M\u00f6bel f\u00fcr Demenzkranke oder der VinziRast-mittendrin, ein Geb\u00e4ude f\u00fcr das Zusammenleben von wohnungslosen Menschen und Studierenden, ausgezeichnet u.a. mit dem Urban Living Award 2013, dem\u00d6sterreichischen Bauherrenpreis 2014 und ebenfalls nominiert f\u00fcr den Mies van der Rohe Award.<\/p>\n<p>Parallel \u00fcbernahm Hagner seit 2000 externe Lehrauftr\u00e4ge u.a. an der TU Wien an der Abteilung f\u00fcr Hochbau2 und zuletzt \u00fcber 3 Semester im Rahmen einer Gastprofessur an der Abteilung f\u00fcr Baugeschichte und Bauforschung. Im Herbst 2016 wechselt Hagner als Professor f\u00fcr soziales Bauen an die Fakult\u00e4t f\u00fcr Architektur und Bauingenieurwesen an die FH K\u00e4rnten.<\/p>\n<p>Hagner wurde 2015 in die \u00d6sterreichische Zentralvereinigung der ArchitektInnen aufgenommen.<\/p>\n<h3><strong>Links<\/strong><\/h3>\n<ul>\n<li><a href=\"http:\/\/www.gaupenraub.net\/\" target=\"_blank\">gaupenraub.net<\/a><\/li>\n<li><a href=\"https:\/\/de.wikipedia.org\/wiki\/Gaupenraub_%2B\/-\" target=\"_blank\">de.wikipedia.org\/wiki\/Gaupenraub_%2B\/-<\/a><\/li>\n<\/ul>\n","protected":false},"excerpt":{"rendered":"<p>Alexander Hagner gr\u00fcndete 1999 gemeinsam mit Ulrike Schartner das Architekturteam gaupenraub+\/-. Nach einer abgeschlossenen Tischlerlehre studierte er an der Universit\u00e4t f\u00fcr Angewandte Kunst, zuerst 3 Jahre bei Johannes Spalt,\u00a0anschlie\u00dfend 5 Jahre bei Wolf D. Prix, wo er mit Auszeichnung diplomierte.<\/p>\n","protected":false},"author":3,"featured_media":0,"parent":0,"menu_order":1,"comment_status":"closed","ping_status":"closed","template":"","meta":{"footnotes":""},"class_list":["post-2","page","type-page","status-publish","hentry"],"_links":{"self":[{"href":"https:\/\/mitarbeiter.fh-kaernten.at\/alexanderhagner\/wp-json\/wp\/v2\/pages\/2","targetHints":{"allow":["GET"]}}],"collection":[{"href":"https:\/\/mitarbeiter.fh-kaernten.at\/alexanderhagner\/wp-json\/wp\/v2\/pages"}],"about":[{"href":"https:\/\/mitarbeiter.fh-kaernten.at\/alexanderhagner\/wp-json\/wp\/v2\/types\/page"}],"author":[{"embeddable":true,"href":"https:\/\/mitarbeiter.fh-kaernten.at\/alexanderhagner\/wp-json\/wp\/v2\/users\/3"}],"replies":[{"embeddable":true,"href":"https:\/\/mitarbeiter.fh-kaernten.at\/alexanderhagner\/wp-json\/wp\/v2\/comments?post=2"}],"version-history":[{"count":10,"href":"https:\/\/mitarbeiter.fh-kaernten.at\/alexanderhagner\/wp-json\/wp\/v2\/pages\/2\/revisions"}],"predecessor-version":[{"id":24,"href":"https:\/\/mitarbeiter.fh-kaernten.at\/alexanderhagner\/wp-json\/wp\/v2\/pages\/2\/revisions\/24"}],"wp:attachment":[{"href":"https:\/\/mitarbeiter.fh-kaernten.at\/alexanderhagner\/wp-json\/wp\/v2\/media?parent=2"}],"curies":[{"name":"wp","href":"https:\/\/api.w.org\/{rel}","templated":true}]}}