{"id":8,"date":"2016-10-19T06:46:28","date_gmt":"2016-10-19T04:46:28","guid":{"rendered":"http:\/\/mitarbeiter.fh-kaernten.at\/alexanderhagner\/?page_id=8"},"modified":"2016-10-19T09:23:31","modified_gmt":"2016-10-19T07:23:31","slug":"curriculum-vitae","status":"publish","type":"page","link":"https:\/\/mitarbeiter.fh-kaernten.at\/alexanderhagner\/curriculum-vitae\/","title":{"rendered":"Curriculum Vitae"},"content":{"rendered":"<h3><strong>Alexander Hagner<\/strong>, geb. 1963 (D)<\/h3>\n<ul>\n<li>nach der Matura Absolvierung einer Tischlerlehre, anschlie\u00dfend Architekturstudium an der Universit\u00e4t f\u00fcr Angewandte Kunst\/Wien, Meisterklasse Prof. Johannes Spalt und Meisterklasse Prof. Wolf D. Prix (Coop Himmelb(l)au)<\/li>\n<li>1995 Diplom mit Auszeichnung des Bundesministeriums f\u00fcr Forschung, Bildung &amp; Kunst<\/li>\n<li>seit 1997: selbstst\u00e4ndig in Wien<\/li>\n<li>1999: Gr\u00fcndung von <a href=\"http:\/\/www.gaupenraub.net\" target=\"_blank\"><em>gaupenraub<\/em><sup>+\/-<\/sup> <\/a>gemeinsam mit Ulrike Schartner<br \/>\nparallel:<\/li>\n<li>2000-2009: Lehrauftrag an der Technischen Universit\u00e4t \/ Wien<\/li>\n<li>2008-2009: Universit\u00e4tsassistent an der TU Wien<\/li>\n<li>seit 2010 Gastkritiken, Workshops und externe Lehrauftr\u00e4ge (z.B. Akademie der bildenden K\u00fcnste\/Wien, TU Wien, TU Graz, Kunstuniversit\u00e4t-Linz, NDU St.P\u00f6lten, Universit\u00e4t f\u00fcr Angewandte Kunst\/Wien)<\/li>\n<li>2015-2016 Gastprofessur an der TU Wien an der Abteilung f\u00fcr Baugeschichte :: Bauforschung<\/li>\n<li>seit 2016 Stiftungsprofessur f\u00fcr soziales Bauen an der Architekturfakult\u00e4t der\u00a0FH K\u00e4rnten<\/li>\n<\/ul>\n<h3><strong>Wichtigste Projekte<\/strong><\/h3>\n<ul>\n<li>aktuell VinziDorf Wien<\/li>\n<li>Haus R., Hart bei Graz\/Austria 2015<\/li>\n<li>B\u00fcroumbau Agenda Austria \u2013 Think-Tank, Wien\/Austria 2013<\/li>\n<li>VinziRast MITTENDRIN, Wien\/Austria 2013<\/li>\n<li>Haus O., Klosterneuburg\/Austria 2012<\/li>\n<li>MCM Klosterfrau \u2013 Umbau &amp; Erweiterung, Wien\/Austria 2011<\/li>\n<li>MEMOBIL \u2013 Kommunikationsm\u00f6bel f\u00fcr Menschen mit Demenz 2011<\/li>\n<li>3 Business-Lounges f\u00fcr Aeroflot, Moskau-Sheremetyevo\/Russia 2010<\/li>\n<li>Eiermuseum, Winden am See\/Austria 2010<\/li>\n<li>Landhaus W., &#8211; Waldviertel\/Austria 2008<\/li>\n<li>Haus L., &#8211; Bad Rappenau\/Germany seit 2005<\/li>\n<li>Engel am Naschmarkt, Wien\/Austria 2005<\/li>\n<li>Siedlungshauszubau Wollekweg, Wien\/Austria 2002<\/li>\n<li>Friseursalon Markus Herold, Wien\/Austria 2001<\/li>\n<li>B\u00fcroumbau Fischill-Public-Relations, Wien\/Austria 2000<\/li>\n<\/ul>\n<h3><strong>Wichtigste Preise<\/strong><\/h3>\n<ul>\n<li>Nominierung Mies an der Rohe Award 2015<\/li>\n<li>Bauherrenpreis 2014<\/li>\n<li>Otto-Borst-Preis 2014<\/li>\n<li>Hans Sauer Preis 2014<\/li>\n<li>\u00d6GUT-Umweltpreis 2013<\/li>\n<li>URBAN LIVING Award 2013<\/li>\n<li>Nominierung Mies van der Rohe Award 2011<\/li>\n<li>ETHOUSE Award 2011<\/li>\n<li>Architekturpreis des Landes Burgenland 2010<\/li>\n<li>2015 Mitglied in der Zentralvereinigung der Architektinnen<\/li>\n<li>2006 Auswahl f\u00fcr die erste Staffel von Young Viennese Architects (Yo.V.A. 1)<\/li>\n<li>2002 Gr\u00fcndungsmitglied der ig-architektur<\/li>\n<\/ul>\n<p>&nbsp;<\/p>\n","protected":false},"excerpt":{"rendered":"<p>Alexander Hagner, geb. 1963 (D) nach der Matura Absolvierung einer Tischlerlehre, anschlie\u00dfend Architekturstudium an der Universit\u00e4t f\u00fcr Angewandte Kunst\/Wien, Meisterklasse Prof. Johannes Spalt und Meisterklasse Prof. Wolf D. Prix (Coop Himmelb(l)au) 1995 Diplom mit Auszeichnung des Bundesministeriums f\u00fcr Forschung, Bildung<\/p>\n","protected":false},"author":3,"featured_media":0,"parent":0,"menu_order":2,"comment_status":"closed","ping_status":"closed","template":"page-templates\/contact.php","meta":{"footnotes":""},"class_list":["post-8","page","type-page","status-publish","hentry"],"_links":{"self":[{"href":"https:\/\/mitarbeiter.fh-kaernten.at\/alexanderhagner\/wp-json\/wp\/v2\/pages\/8","targetHints":{"allow":["GET"]}}],"collection":[{"href":"https:\/\/mitarbeiter.fh-kaernten.at\/alexanderhagner\/wp-json\/wp\/v2\/pages"}],"about":[{"href":"https:\/\/mitarbeiter.fh-kaernten.at\/alexanderhagner\/wp-json\/wp\/v2\/types\/page"}],"author":[{"embeddable":true,"href":"https:\/\/mitarbeiter.fh-kaernten.at\/alexanderhagner\/wp-json\/wp\/v2\/users\/3"}],"replies":[{"embeddable":true,"href":"https:\/\/mitarbeiter.fh-kaernten.at\/alexanderhagner\/wp-json\/wp\/v2\/comments?post=8"}],"version-history":[{"count":5,"href":"https:\/\/mitarbeiter.fh-kaernten.at\/alexanderhagner\/wp-json\/wp\/v2\/pages\/8\/revisions"}],"predecessor-version":[{"id":22,"href":"https:\/\/mitarbeiter.fh-kaernten.at\/alexanderhagner\/wp-json\/wp\/v2\/pages\/8\/revisions\/22"}],"wp:attachment":[{"href":"https:\/\/mitarbeiter.fh-kaernten.at\/alexanderhagner\/wp-json\/wp\/v2\/media?parent=8"}],"curies":[{"name":"wp","href":"https:\/\/api.w.org\/{rel}","templated":true}]}}