{"id":2,"date":"2021-12-15T19:26:17","date_gmt":"2021-12-15T18:26:17","guid":{"rendered":"https:\/\/mitarbeiter.fh-kaernten.at\/bernhardguetz\/?page_id=2"},"modified":"2026-03-02T08:16:15","modified_gmt":"2026-03-02T07:16:15","slug":"ueber","status":"publish","type":"page","link":"https:\/\/mitarbeiter.fh-kaernten.at\/bernhardguetz\/ueber\/","title":{"rendered":"\u00dcber"},"content":{"rendered":"\n<p><strong>FH-Prof. Dr. Bernhard Guetz BA MSc<\/strong><br>9500 Villach<\/p>\n\n\n\n<p>\u260e: +43 590 500 2453<br>\u2709: <a href=\"mailto:guetz@fh-kaernten.at\">guetz@fh-kaernten.at<\/a><br><\/p>\n\n\n\n<h3 class=\"wp-block-heading\">Pers\u00f6nliche Daten<\/h3>\n\n\n\n<p>Verheiratet, 2 Kinder <\/p>\n\n\n\n<h3 class=\"wp-block-heading\">Berufserfahrung<\/h3>\n\n\n\n<p>10\/2025 \u2013 laufend: Professor f\u00fcr Digital Marketing &amp; Sales an der Fachhochschule K\u00e4rnten<\/p>\n\n\n\n<p>03\/2024 \u2013 laufend: Program Director Digital Marketing &amp; Sales an der Fachhochschule K\u00e4rnten<\/p>\n\n\n\n<p>06\/2021 \u2013 laufend: Gr\u00fcnder und Berater bei Guetz Consulting<\/p>\n\n\n\n<p>05\/2020 \u2013 03\/2024 Lecturer\/Senior Researcher in den Bereichen Marketing &amp; Business Development an der Fachhochschule K\u00e4rnten<\/p>\n\n\n\n<p>04\/2019 \u2013 04\/2020 Wissenschaftlicher Mitarbeiter im Bereich Wirtschaft &amp; Management an der Fachhochschule K\u00e4rnten<\/p>\n\n\n\n<p>12\/2012 \u2013 03\/2019 Marketing &amp; Backoffice Manager bei Solarertrag- F.G.e.U. in Faak am See mit Schwerpunkt Marketing, Organisation sowie Buchhaltung &amp; Finanzierung.<\/p>\n\n\n\n<p>02\/2017 \u2013 05\/2017 Projektmitarbeiter in der Gesch\u00e4ftsgruppe 5 \u2013 Betriebe und Unternehmen, des Magistrates, der Stadt Villach.<\/p>\n\n\n\n<p>02\/2015 \u2013 04\/2015 Projektmitarbeiter im Bereich Firmenkunden der Uni Credit Bank Austria AG in K\u00e4rnten\/Klagenfurt.<\/p>\n\n\n\n<p>06\/2009 \u2013 09\/2012 Besch\u00e4ftigung als stellvertretender Marktleiter (MEK = Konzerninterne Bezeichnung) bei der Toys R Us AG \u2013 Standort Villach.<\/p>\n\n\n\n<p>10\/2005 \u2013 05\/2009 Besch\u00e4ftigung als Einzelhandelskaufmann bei der Toys R Us AG &#8211; Standort Villach im Bereich Multimedia.<\/p>\n\n\n\n<p>09\/2004 \u2013 09\/2005 Besch\u00e4ftigung als Einzelhandelskaufmann bei der bei der XXXLutz KG in Villach im Bereich Einrichtungsberatung.<\/p>\n\n\n\n<p>07\/2001 \u2013 08\/2004 Ausbildung zum Einzelhandelskaufmann bei der XXXLutz KG in Villach im Bereich Raumausstattung.<\/p>\n\n\n\n<h3 class=\"wp-block-heading\">Ehrenamt<\/h3>\n\n\n\n<p>04\/2020 \u2013 laufend Member of the Management Board bei Competence Circle Marketing<\/p>\n\n\n\n<p>06\/2021 \u2013 05\/2022 Member bei European Advertising Academy<\/p>\n\n\n\n<p>03\/2021 \u2013 05\/2024 Member bei European Marketing Academy<\/p>\n\n\n\n<p>12\/2018 \u2013 11\/2020 Ehrenamtlicher Reviewer bei Junior Management Science e.V.<\/p>\n\n\n\n<p>M\u00fcnchen.<\/p>\n\n\n\n<h3 class=\"wp-block-heading\">Ausbildung<\/h3>\n\n\n\n<p>07\/2023 Abschluss des Doktoratsstudiums mit ausgezeichnetem Erfolg<\/p>\n\n\n\n<p>2018-2023 Alpen Adria Universit\u00e4t Klagenfurt, Doktoratsstudium Sozial- und Wirtschaftswissenschaften &#8211; Doktoratsprogramm Health, Science, and Social Responsibility Communication and Management am Institut f\u00fcr Marketing und International Management<\/p>\n\n\n\n<p>01\/2018 Abschluss des Masterstudiums<\/p>\n\n\n\n<p>2015-2018 Alpen Adria Universit\u00e4t Klagenfurt, Masterstudiengang Angewandte Betriebswirtschaft-General Management<\/p>\n\n\n\n<p>07\/2015 Abschluss des Bachelorstudiums mit gutem Erfolg<\/p>\n\n\n\n<p>2012-2015 FH- K\u00e4rnten, Bachelorstudiengang Business Management<\/p>\n\n\n\n<p><\/p>\n\n\n\n<h3 class=\"wp-block-heading\">Zertifikate<\/h3>\n\n\n\n<p>12\/2021 Google: Grundlagen des Onlinemarketings<br>07\/2021 University of Ljubljana, School of Economics and Business: Theory Development<br>03\/2021 WIFI Salzburg: Essentials on Leadership<br>07\/2020 Atos: Design Thinking Bootcamp<br>05\/2020 Copenhagen Business School: An Introduction to Consumer Neuroscience &amp; Neuromarketing<br>05\/2020 University of California, Davis: The Strategy of Content Marketing<\/p>\n\n\n\n<h3 class=\"wp-block-heading\">Lehrt\u00e4tigkeiten<\/h3>\n\n\n\n<h6 class=\"wp-block-heading\">Sommersemester 2025<\/h6>\n\n\n\n<p><strong>Fachhochschule K\u00e4rnten:<\/strong><br><\/p>\n\n\n\n<p>Bachelor Thesis Colloquium (10 ECTS)<\/p>\n\n\n\n<p>Marketing &amp; Sales Group 1 (5 ECTS)<\/p>\n\n\n\n<p>Marketing &amp; Sales Group 2 (5 ECTS)<\/p>\n\n\n\n<p>Marketing &amp; Sales Group 3 (5 ECTS)<\/p>\n\n\n\n<p><\/p>\n\n\n\n<h6 class=\"wp-block-heading\">Wintersemester 2024<\/h6>\n\n\n\n<p><strong>Fachhochschule K\u00e4rnten:<\/strong><br><\/p>\n\n\n\n<p>Master Thesis Seminar Gruppe A (2 ECTS)<\/p>\n\n\n\n<p>Master Thesis Seminar Gruppe B (2 ECTS)<\/p>\n\n\n\n<p>Customer Journey (1 ECTS)<\/p>\n\n\n\n<p>Digital Marketing Gruppe VZ (6 ECTS)<\/p>\n\n\n\n<p>Digital Marketing Gruppe BB (12 ECTS)<\/p>\n\n\n\n<p>Active Start Gruppe B (1 ECTS)<\/p>\n\n\n\n<p>Graphic Design Gruppe BM (5 ECTS)<\/p>\n\n\n\n<p>Graphic Design Gruppe B (5 ECTS)<\/p>\n\n\n\n<p>Graphic Design Gruppe A (5 ECTS)<\/p>\n\n\n\n<p>Graphic Design Gruppe B bb (5 ECTS)<\/p>\n\n\n\n<p>Graphic Design Gruppe A bb (5 ECTS)<\/p>\n\n\n\n<p><strong>WIFI Graz:<\/strong><br>Digitalmarketing (MBA Unternehmensmanagement\/4 ECTS)<\/p>\n\n\n\n<p><strong>UBIT-Akademie incite:<\/strong><br>Strategic Digital Marketing (Schwerpunkte Content Marketing &amp; Touchpoint Management)<\/p>\n\n\n\n<h6 class=\"wp-block-heading\">Sommersemester 2023<\/h6>\n\n\n\n<p><strong>Fachhochschule K\u00e4rnten:<\/strong><br>Bachelorarbeit II Kolloquium (12 ECTS)<br>Digital Marketing Gruppe A vz (2 ECTS)<br>Grundlagen des Marketings Gruppe A vz (2 ECTS)<\/p>\n\n\n\n<p>Digital Marketing Gruppe A bb (2 ECTS)<br>Grundlagen des Marketings Gruppe A bb (2 ECTS)<\/p>\n\n\n\n<p><\/p>\n\n\n\n<h6 class=\"wp-block-heading\">Wintersemester 2023<\/h6>\n\n\n\n<p><strong>Fachhochschule K\u00e4rnten:<\/strong><br><\/p>\n\n\n\n<p>Master Thesis Seminar Gruppe A (2 ECTS)<\/p>\n\n\n\n<p>Master Thesis Seminar Gruppe B (2 ECTS)<\/p>\n\n\n\n<p>Customer Journey (1 ECTS)<\/p>\n\n\n\n<p>Digital Marketing Gruppe VZ (6 ECTS)<\/p>\n\n\n\n<p>Digital Marketing Gruppe BB (12 ECTS)<\/p>\n\n\n\n<p><strong>WIFI Graz:<\/strong><br>Digitalmarketing (MBA Unternehmensmanagement\/4 ECTS)<\/p>\n\n\n\n<p><strong>UBIT-Akademie incite:<\/strong><br>Strategic Digital Marketing (Schwerpunkte Content Marketing &amp; Touchpoint Management)<\/p>\n\n\n\n<h6 class=\"wp-block-heading\">Sommersemester 2023<\/h6>\n\n\n\n<p><strong>Fachhochschule K\u00e4rnten:<\/strong><br>Bachelorarbeit II Kolloquium (12 ECTS)<br>Digital Marketing Gruppe A vz (2,0 ECTS)<br>Grundlagen des Marketings Gruppe A vz (2 ECTS)<\/p>\n\n\n\n<p>Digital Marketing Gruppe A bb (2,0 ECTS)<br>Grundlagen des Marketings Gruppe A bb (2 ECTS)<\/p>\n\n\n\n<p><strong>UBIT-Akademie incite:<\/strong><br>Strategic Digital Marketing (Schwerpunkte Content Marketing &amp; Touchpoint Management)<\/p>\n\n\n\n<h6 class=\"wp-block-heading\">Wintersemester 2022<\/h6>\n\n\n\n<p><strong>Fachhochschule K\u00e4rnten:<\/strong><br>Master Thesis Seminar Gruppe A (2 ECTS)<br>Master Thesis Seminar Gruppe B (2 ECTS)<br>Digital Marketing Gruppe VZ (6 ECTS)<br>Digital Marketing Gruppe BB (12 ECTS)<\/p>\n\n\n\n<p><strong>WIFI Graz:<\/strong><br>Digitalmarketing (MBA Unternehmensmanagement\/4 ECTS)<\/p>\n\n\n\n<h6 class=\"wp-block-heading\">Sommersemester 2022<\/h6>\n\n\n\n<p><strong>Fachhochschule K\u00e4rnten:<\/strong><br>Bachelorarbeit II Kolloquium (12 ECTS)<br>Digital Marketing Gruppe IV (2,0 ECTS)<br>Grundlagen des Marketings Gruppe IV (2 ECTS)<\/p>\n\n\n\n<p><strong>UBIT-Akademie incite:<\/strong><br>Strategic Digital Marketing (Schwerpunkte Content Marketing &amp; Touchpoint Management)<\/p>\n\n\n\n<h6 class=\"wp-block-heading\">Wintersemester 2021<\/h6>\n\n\n\n<p><strong>Fachhochschule K\u00e4rnten:<\/strong><br>Master Thesis Seminar Gruppe A (2 ECTS)<br>Master Thesis Seminar Gruppe B (2 ECTS)<br>Digital Marketing Gruppe VZ (6 ECTS)<br>Digital Marketing Gruppe BB (12 ECTS)<\/p>\n\n\n\n<p><strong>WIFI Graz:<\/strong><br>Digitalmarketing (MBA Unternehmensmanagement\/4 ECTS)<\/p>\n\n\n\n<h6 class=\"wp-block-heading\">Sommersemester 2021<\/h6>\n\n\n\n<p><strong>Fachhochschule K\u00e4rnten:<\/strong><br>Bachelorarbeit II Kolloquium (12 ECTS)<br>Digital Marketing Gruppe IV (2,0 ECTS)<br>Grundlagen des Marketings Gruppe IV (2 ECTS)<\/p>\n\n\n\n<h6 class=\"wp-block-heading\">Wintersemester 2020<\/h6>\n\n\n\n<p><strong>Fachhochschule K\u00e4rnten:<\/strong><br>Digital Marketing Gruppe VZ (6 ECTS)<br>Digital Marketing Gruppe BB (12 ECTS)<\/p>\n\n\n\n<h6 class=\"wp-block-heading\">Sommersemester 2020<\/h6>\n\n\n\n<p><strong>Fachhochschule K\u00e4rnten:<\/strong><br>Digital Marketing Gruppe IV (2 ECTS)<br>Grundlagen des Marketings Gruppe IV (2 ECTS)<\/p>\n\n\n\n<h3 class=\"wp-block-heading\">Betreuung von Abschlussarbeiten<\/h3>\n\n\n\n<figure class=\"wp-block-table\"><table class=\"has-fixed-layout\"><tbody><tr><td><strong>Titel<\/strong><\/td><td><strong>Autor:in<\/strong><\/td><td><strong>Jahr<\/strong><\/td><\/tr><tr><td>Benefits, Challenges, and Learnings of Event Sponsorship practices in the Beverage Industry &#8211; Insights from Three International Companies<\/td><td>Natalia Rosa Rodriguez Villa<\/td><td>2024<\/td><\/tr><tr><td>Cause Related Marketing &#8211; Einsch\u00e4tzung der Glaubw\u00fcrdigkeit und der Kaufabsicht<\/td><td>Christina Wieser<\/td><td>2024<\/td><\/tr><tr><td>Die Auswirkungen von Influencer Marketing auf das Kaufverhalten im Social Commerce<\/td><td>Michelle Christin Sturmer<\/td><td>2024<\/td><\/tr><tr><td>Fan Engagement on Instagram among Football Clubs in the UK and South Africa<\/td><td>Oleksandr NESKUBA<\/td><td>2024<\/td><\/tr><tr><td>The Process of Integrating Music into Advertising Campaigns from a Songwriters&#8216; and Marketing Specialists&#8216; perspective.<\/td><td>Daria Klason<\/td><td>2024<\/td><\/tr><tr><td>The Role of Sustainable Textiles in Consumers&#8216; Purchasing Decisions<\/td><td>Valentina Strobbe<\/td><td>2024<\/td><\/tr><tr><td>Der Einfluss sozialer Medien auf das Kaufverhalten der Generationen Y und Z<\/td><td>Jana Lepuschitz<\/td><td>2024<\/td><\/tr><tr><td>Der Generationenvergleich Y &amp; Z: Eine Analyse des Einflusses von Influencer Marketing auf das Kaufverhalten<\/td><td>Marina Bostjancic<\/td><td>2024<\/td><\/tr><tr><td>Einfluss von Events auf Markenbekanntheit und Markenimage<\/td><td>Simon Andreas Eigner<\/td><td>2024<\/td><\/tr><tr><td>Generationen im Fokus<\/td><td>Irina Ofner<\/td><td>2024<\/td><\/tr><tr><td>Zielgruppenverst\u00e4ndnis und Empathie: Schl\u00fcsselkomponenten f\u00fcr die erfolgreiche Konzeption von Marketingstrategien f\u00fcr die Vermarktung von Damenhygieneprodukten<\/td><td>Patrick Regitschnig<\/td><td>2024<\/td><\/tr><tr><td>Influencer Marketing in der Tourismusbranche mit Fokus auf die Foto- und Videosharing Plattform Instagram<\/td><td>Vanessa Laber<\/td><td>2023<\/td><\/tr><tr><td>Techniques to Attract British Tourists to Winter Sports Destinations in The Austrian Alps<\/td><td>Harry Rees<\/td><td>2023<\/td><\/tr><tr><td>TikTok als Marketingkanal: Chancen, Herausforderungen und Handlungsempfehlungen f\u00fcr Unternehmen am Beispiel der Freizeitbranche<\/td><td>Nicole Andrea Lingenhel<\/td><td>2023<\/td><\/tr><tr><td>&#8222;Neuromarketing im Tourismus: Ein Scoping Review&#8220;<\/td><td>Julia Gravogl<\/td><td>2023<\/td><\/tr><tr><td>Auswirkungen von sozialen Medien auf menschliche Psyche<\/td><td>Pavl\u00edna \u010cubov\u00e1<\/td><td>2023<\/td><\/tr><tr><td>Content Marketing im Wandel der Zeit<\/td><td>Julia Hribernigg<\/td><td>2023<\/td><\/tr><tr><td>Influencer Marketing &#8211; auf Instagram<\/td><td>Vanessa Leitner<\/td><td>2023<\/td><\/tr><tr><td>M\u00f6glichkeiten zur Steigerung von nachhaltigem Konsumverhalten durch moderne Methoden des Marketings<\/td><td>Katharina Sofie Reiter<\/td><td>2023<\/td><\/tr><tr><td>Social Media Investors: Der Einfluss von sozialen Medien auf den Wertpapiermarkt<\/td><td>Marcel Gruber<\/td><td>2023<\/td><\/tr><tr><td>Storytelling als Erfolgsfaktor im Rahmen des Content Marketings<\/td><td>Christina Anita Rauch<\/td><td>2023<\/td><\/tr><tr><td>Aktuelle Trends in sozialen Medien: Eine perspektivische Entwicklungsprognose<\/td><td>Tanjeena Shahid<\/td><td>2022<\/td><\/tr><tr><td>Customer Experience Management in der Automobilindustrie<\/td><td>Christina Anna Svetina<\/td><td>2022<\/td><\/tr><tr><td>Entwicklung und Einfluss des Influencer Marketings in den sozialen Medien<\/td><td>Michelle Christin Sturmer<\/td><td>2022<\/td><\/tr><tr><td>Instagram Marketing<\/td><td>Thomas Gasser<\/td><td>2022<\/td><\/tr><tr><td>M\u00f6glichkeiten des Online-Video-Marketings<\/td><td>Melina Yvonne Hierl\u00e4nder<\/td><td>2022<\/td><\/tr><tr><td>Content Marketing im kommunalen Umfeld<\/td><td>Renate Anna Golker<\/td><td>2021<\/td><\/tr><tr><td>Die effiziente Nutzung von User Generated Content in der Hotellerie<\/td><td>Victoria Sophie Lindblom<\/td><td>2021<\/td><\/tr><tr><td>Influencer-Marketing im digitalen Zeitalter<\/td><td>Nora Veau<\/td><td>2021<\/td><\/tr><tr><td>Methoden der Neurowissenschaft und ihre Einsatzfelder im modernen Marketing<\/td><td>Antonia Sabine Plank<\/td><td>2021<\/td><\/tr><\/tbody><\/table><\/figure>\n","protected":false},"excerpt":{"rendered":"<p>Dr. Bernhard Guetz BA MSc<\/p>\n","protected":false},"author":3,"featured_media":0,"parent":0,"menu_order":0,"comment_status":"closed","ping_status":"closed","template":"","meta":{"footnotes":""},"class_list":["post-2","page","type-page","status-publish","hentry"],"_links":{"self":[{"href":"https:\/\/mitarbeiter.fh-kaernten.at\/bernhardguetz\/wp-json\/wp\/v2\/pages\/2","targetHints":{"allow":["GET"]}}],"collection":[{"href":"https:\/\/mitarbeiter.fh-kaernten.at\/bernhardguetz\/wp-json\/wp\/v2\/pages"}],"about":[{"href":"https:\/\/mitarbeiter.fh-kaernten.at\/bernhardguetz\/wp-json\/wp\/v2\/types\/page"}],"author":[{"embeddable":true,"href":"https:\/\/mitarbeiter.fh-kaernten.at\/bernhardguetz\/wp-json\/wp\/v2\/users\/3"}],"replies":[{"embeddable":true,"href":"https:\/\/mitarbeiter.fh-kaernten.at\/bernhardguetz\/wp-json\/wp\/v2\/comments?post=2"}],"version-history":[{"count":2,"href":"https:\/\/mitarbeiter.fh-kaernten.at\/bernhardguetz\/wp-json\/wp\/v2\/pages\/2\/revisions"}],"predecessor-version":[{"id":109,"href":"https:\/\/mitarbeiter.fh-kaernten.at\/bernhardguetz\/wp-json\/wp\/v2\/pages\/2\/revisions\/109"}],"wp:attachment":[{"href":"https:\/\/mitarbeiter.fh-kaernten.at\/bernhardguetz\/wp-json\/wp\/v2\/media?parent=2"}],"curies":[{"name":"wp","href":"https:\/\/api.w.org\/{rel}","templated":true}]}}