{"id":19,"date":"2017-03-23T16:07:39","date_gmt":"2017-03-23T15:07:39","guid":{"rendered":"http:\/\/mitarbeiter.fh-kaernten.at\/danielbednarzek\/?page_id=19"},"modified":"2017-03-24T07:59:07","modified_gmt":"2017-03-24T06:59:07","slug":"persoenliches","status":"publish","type":"page","link":"https:\/\/mitarbeiter.fh-kaernten.at\/danielbednarzek\/ueber\/persoenliches\/","title":{"rendered":"Pers\u00f6nliches"},"content":{"rendered":"<p class=\"p1\"><a href=\"http:\/\/mitarbeiter.fh-kaernten.at\/danielbednarzek\/\">Berufliche T\u00e4tigkeit und Qualifikation<\/a> |\u00a0<a href=\"http:\/\/mitarbeiter.fh-kaernten.at\/danielbednarzek\/ueber\/ausbildung\/\">Ausbildung <\/a>| <a href=\"http:\/\/mitarbeiter.fh-kaernten.at\/danielbednarzek\/ueber\/auslandserfahrung\/\">Auslandserfahrung<\/a> | <a href=\"http:\/\/mitarbeiter.fh-kaernten.at\/danielbednarzek\/ueber\/sprachen\/\">Sprachen<\/a> | <a href=\"http:\/\/mitarbeiter.fh-kaernten.at\/danielbednarzek\/ueber\/auszeichnungen-und-vortraege-publikation\/\">Auszeichnungen, Vortr\u00e4ge, Publikationen<\/a> | <a href=\"http:\/\/mitarbeiter.fh-kaernten.at\/danielbednarzek\/ueber\/non-work-activity\/\">non work activity<\/a> | <a href=\"http:\/\/mitarbeiter.fh-kaernten.at\/danielbednarzek\/ueber\/persoenliches\/\">Pers\u00f6nliches<\/a><\/p>\n<p class=\"p1\">Sehr gro\u00dfes Interesse an sozialen Strukturen, hohes Team- und Fairnessbewusstsein, loyal, positive Einstellung, freundlich, strukturiertes Denken und Konsensbereitschaft sowie Eigenverantwortlichkeit und selbstst\u00e4ndiges Arbeiten kombiniert mit klaren Fu\u0308hrungsqualit.ten. Soziale Elternmitarbeit am Kindergarten meiner beiden Kinder in Halleg.<\/p>\n","protected":false},"excerpt":{"rendered":"<p>Berufliche T\u00e4tigkeit und Qualifikation |\u00a0Ausbildung | Auslandserfahrung | Sprachen | Auszeichnungen, Vortr\u00e4ge, Publikationen | non work activity | Pers\u00f6nliches Sehr gro\u00dfes Interesse an sozialen Strukturen, hohes Team- und Fairnessbewusstsein, loyal, positive Einstellung, freundlich, strukturiertes Denken und Konsensbereitschaft sowie Eigenverantwortlichkeit und<\/p>\n","protected":false},"author":3,"featured_media":0,"parent":2,"menu_order":0,"comment_status":"closed","ping_status":"closed","template":"","meta":{"footnotes":""},"class_list":["post-19","page","type-page","status-publish","hentry"],"_links":{"self":[{"href":"https:\/\/mitarbeiter.fh-kaernten.at\/danielbednarzek\/wp-json\/wp\/v2\/pages\/19","targetHints":{"allow":["GET"]}}],"collection":[{"href":"https:\/\/mitarbeiter.fh-kaernten.at\/danielbednarzek\/wp-json\/wp\/v2\/pages"}],"about":[{"href":"https:\/\/mitarbeiter.fh-kaernten.at\/danielbednarzek\/wp-json\/wp\/v2\/types\/page"}],"author":[{"embeddable":true,"href":"https:\/\/mitarbeiter.fh-kaernten.at\/danielbednarzek\/wp-json\/wp\/v2\/users\/3"}],"replies":[{"embeddable":true,"href":"https:\/\/mitarbeiter.fh-kaernten.at\/danielbednarzek\/wp-json\/wp\/v2\/comments?post=19"}],"version-history":[{"count":2,"href":"https:\/\/mitarbeiter.fh-kaernten.at\/danielbednarzek\/wp-json\/wp\/v2\/pages\/19\/revisions"}],"predecessor-version":[{"id":34,"href":"https:\/\/mitarbeiter.fh-kaernten.at\/danielbednarzek\/wp-json\/wp\/v2\/pages\/19\/revisions\/34"}],"up":[{"embeddable":true,"href":"https:\/\/mitarbeiter.fh-kaernten.at\/danielbednarzek\/wp-json\/wp\/v2\/pages\/2"}],"wp:attachment":[{"href":"https:\/\/mitarbeiter.fh-kaernten.at\/danielbednarzek\/wp-json\/wp\/v2\/media?parent=19"}],"curies":[{"name":"wp","href":"https:\/\/api.w.org\/{rel}","templated":true}]}}