{"id":2,"date":"2017-03-23T15:43:28","date_gmt":"2017-03-23T14:43:28","guid":{"rendered":"http:\/\/mitarbeiter.fh-kaernten.at\/danielbednarzek\/?page_id=2"},"modified":"2017-03-23T16:14:28","modified_gmt":"2017-03-23T15:14:28","slug":"ueber","status":"publish","type":"page","link":"https:\/\/mitarbeiter.fh-kaernten.at\/danielbednarzek\/","title":{"rendered":"\u00dcber"},"content":{"rendered":"<p class=\"p1\"><a href=\"http:\/\/mitarbeiter.fh-kaernten.at\/danielbednarzek\/\">Berufliche T\u00e4tigkeit und Qualifikation<\/a> |\u00a0<a href=\"http:\/\/mitarbeiter.fh-kaernten.at\/danielbednarzek\/ueber\/ausbildung\/\">Ausbildung <\/a>| <a href=\"http:\/\/mitarbeiter.fh-kaernten.at\/danielbednarzek\/ueber\/auslandserfahrung\/\">Auslandserfahrung<\/a> | <a href=\"http:\/\/mitarbeiter.fh-kaernten.at\/danielbednarzek\/ueber\/sprachen\/\">Sprachen<\/a> | <a href=\"http:\/\/mitarbeiter.fh-kaernten.at\/danielbednarzek\/ueber\/auszeichnungen-und-vortraege-publikation\/\">Auszeichnungen, Vortr\u00e4ge, Publikationen<\/a> | <a href=\"http:\/\/mitarbeiter.fh-kaernten.at\/danielbednarzek\/ueber\/non-work-activity\/\">non work activity<\/a> | <a href=\"http:\/\/mitarbeiter.fh-kaernten.at\/danielbednarzek\/ueber\/persoenliches\/\">Pers\u00f6nliches<\/a><\/p>\n<h4 class=\"p1\"><strong>BERUFLICHE T\u00c4TIGKEIT UND QUALIFIKATION<\/strong><\/h4>\n<p class=\"p1\"><strong><span class=\"s1\">seit 06\/2015 <\/span>Entwicklung von Eigenprojekten<\/strong><br \/>\n<strong>sozial gerechte Bodennutzung (kooperative Zusammenarbeit mit drei Gemeinden)<br \/>\n<\/strong><\/p>\n<p class=\"p1\">Im Zuge meines Postgradualem Studiums habe ich eine Masterthese mit dem Inhalt &#8211; \u201eSozial gerechte Bodennutzung eine Win &#8211; win Situation f\u00fcr Kommune und private Investoren\u201c, verfasst. Verdichtung von Wohnraum als nachhaltige Ressourcenschonung von Bodenwerten. Das Ziel ist leistbares Wohnen kooperativ zwischen privaten Investoren und Gemeinden oder St\u00e4dten mit enormen Zuzug zu erschaffen, ohne Wohnbauf\u00f6rderungen in Anspruch zu nehmen. Aufgabe ist Akquise von Grundst\u00fccken und Suchen von kommunalen Partnerschaften; Gesamtkalkulation und Projektmanagement; Organisieren der Finanzierungspartner und Generalunternehmer; Marketing und Verkauf sowie Gesamtprojektleitung dieser Idee.<\/p>\n<hr \/>\n<p class=\"p1\"><strong>12\/2013 &#8211; 06\/2015 Gesch\u00e4ftsf\u00fchrung Projektentwicklung<br \/>\n09\/2011 &#8211; 12\/2013 Leitung technisch kaufm\u00e4nnische Projektsteuerung Riedergarten Projektmanagement (ein Unternehmen der Riedergarten Gruppe) Klagenfurt<\/strong><\/p>\n<p class=\"p1\"><strong>Ab 12\/2013:<\/strong> Gesch\u00e4ftsf\u00fchrung der Riedergarten Projektmanagement. Managementfunktion und Kommunikation zwischen den einzelnen Gesch\u00e4ftsbereichen der Riedergartengruppe. Gesamtprojektverantwortung diverser Projektfirmen der Riedergarten Gruppe &#8211; vornehmlich Wohnbau. F\u00fchren von periodischen Managementsitzungen. Mitarbeiterf\u00fchrung von 5 Mitarbeitern und Lehrlingsausbildung sowie Integrieren von Praktikanten. Grundst\u00fccksaquise sowie f\u00fchren von Endverhandlung mit finanzierenden Banken und Totalunternehmer, externen Partnern sowie Verhandlungen mit Beh\u00f6rden. Strategische Pflege der politischen Vertreter. Zusammenarbeit mit diversen F\u00f6rderstellen ( KTH, KWF, und EU F\u00f6rdermittel EFRE) f\u00fcr Hotelprojekt am Nassfeld. Ausschreiben und Leiten von Architekturwettbewerben als Grundlage f\u00fcr Widmungsverfahren. Entwicklen von neuen Gesch\u00e4ftsfeldern, sowie strategische Vorbereitungen f\u00fcr das Einsteigen in die M\u00e4rkte Wien und Graz. Analyse und Umsetzen von Anlegerprodukten von hauseigenen Wohnimmobilen.<\/p>\n<p class=\"p1\"><strong>Von 09\/2011 &#8211; 12\/2013:<\/strong> Leiter der technisch kaufm\u00e4nnischen Abteilung Riedergarten Immobilien Budgeterstellung und Verantwortung bzw. Monitoring Managementfunktion im strategisch operativen Bereich. Grundst\u00fccksaquise, Machbarkeitsberechnungen, Erstellen und Einreichen von Finanzierungsantr\u00e4gen. F\u00fchren von Verhandlungen mit Beh\u00f6rden, Banken, Planern und Generalunternehmern. Generelles Erf\u00fcllen der Bauherrenfunktion. Steuern von externen und internen Arbeitsprozessen von Projektidee bis zur \u00dcbergabe an Kunden.<\/p>\n<p class=\"p1\"><strong>04\/2007 \u2013 08\/2011<\/strong> Gesellschafter und Projektentwickler R2 Architektur ZT GmbH &#8211; Linz \/ Wien (Architektur- und Projektentwicklungs- b\u00fcro)<br \/>\nB\u00fcroleiter und Gesellschafter f\u00fcr den Tochterstandort Wien (5 Mitarbeiter) Projektleiter f\u00fcr Projekte bis 16 MIO Euro.<br \/>\nProjektleiter f\u00fcr Appartementhaus in Kroatien\/Rabac Projektleiter f\u00fcr die Projektentwicklung des denkmalgesch\u00fctzten\u201eWiener Arsenals\u201c in Wien 1030 f\u00fcr einen privaten Investor.<br \/>\nAufgabengebiet: Mitarbeit an Projektentwicklung, Grundst\u00fccksbewertung und Fl\u00e4chennutzungsprofile. Durchf\u00fchrung von Technical Due-Dilligence von Geb\u00e4uden und Analyse von Standorten f\u00fcr die Projektentwicklung. Renditenberechnungen. Sehr enge Zusammenarbeit mit Investoren bez\u00fcglich architektonischer und wirtschaftlicher Planung. Bedarfsermittlung mit Kunden.<br \/>\nKontaktpflege zu Beh\u00f6rden und \u00f6ffentlichen Entscheidungstr\u00e4gern im Zuge der Projektentwicklung , besonders in F\u00e4llen von denkmalgesch\u00fctzten Objekten. Enge Zusammenarbeit mit BDA Wien.<\/p>\n<hr \/>\n<p class=\"p1\"><strong>05\/2005 \u2013 03\/2007 Architekt Architekturb\u00fcro \u201eraumzeit\u201c &#8211; Wien<span class=\"Apple-converted-space\">\u00a0 \u00a0<\/span><\/strong><\/p>\n<p class=\"p1\">Projektleiter f\u00fcr mittelgro\u00dfe Projekte f\u00fcr private und \u00f6ffentliche Auftraggeber Aufgabengebiet: Planung, Kostensch\u00e4tzung sowie Erstellen von Grobzeitpl\u00e4nen. Vorbereitung und nachfolgende Pr\u00e4sentation von Projekten vor Auftraggebern. Leitung der Projekte in technischen, wirtschaftlichen und k\u00fcnstlerischen Belangen. Angebotseinholung, Verhandlungen und Vergabe (Vertr\u00e4ge) von div. Konsulentenleistungen und Gewerken.<\/p>\n<hr \/>\n<p class=\"p1\"><strong>03\/2004 \u2013 4\/2005 <span class=\"s1\">Architekt <\/span>Architekturbu\u0308ro \u201eS Arquitex\u201c \u2013 Wien<\/strong><\/p>\n<p class=\"p2\">Partnerschaftliche Zusammenarbeit fu\u0308r unterschiedliche Projekte.<br \/>\nAufgabengebiet: Aquisition, Kostensch\u00e4tzung, Planung, Kalkulation<br \/>\nMitarbeit an Studie fu\u0308r Umbau &#8211; Altenheim V\u00f6cklabruck (O\u00d6)<br \/>\nTeilnahme an geladenenem Wettbewerb fu\u0308r Neubau &#8211; Altenheim Attnang Pucheim (O\u00d6) .<\/p>\n<hr \/>\n<p class=\"p1\"><strong>11\/2003 \u2013 03\/2004 <span class=\"s1\">Architekt <\/span>Weinh\u00e4upl ZT Gmbh, Wien<\/strong><\/p>\n<p class=\"p2\">Projektbezogene Mitarbeit an Bestandsaufnahme Telekom Austria im gesamten Bundesgebiet &#8211; Aufmessen und Erstellen von Pl\u00e4nen fu\u0308r Kalkulation fu\u0308r Facility Management der einzelnen Standorte.<\/p>\n<hr \/>\n<p class=\"p1\"><strong>07\/2002 \u2013 09\/2002 <span class=\"s1\">Praktikum <\/span>FewerMcGinley\u2013Waterford-Dublin\/ Ireland (Projektentwickler)<\/strong><\/p>\n<p class=\"p2\">Studentische Mitarbeit bei diversen Projekten.<\/p>\n<hr \/>\n<p class=\"p1\"><strong>1992 \u2013 1996 <span class=\"s1\">Schlosser <\/span>Schlosserei Borchardt (Villach)<\/strong><\/p>\n<p class=\"p2\">Schlosser Facharbeiter im konstruktiven Stahlbau. Sowie Mitwirken an der Lehrlingsausbildung.<\/p>\n<p class=\"p2\">Mehr Informationen:<br \/>\n<a href=\"http:\/\/mitarbeiter.fh-kaernten.at\/danielbednarzek\/ueber\/ausbildung\/\">Ausbildung <\/a>| <a href=\"http:\/\/mitarbeiter.fh-kaernten.at\/danielbednarzek\/ueber\/auslandserfahrung\/\">Auslandserfahrung<\/a> | <a href=\"http:\/\/mitarbeiter.fh-kaernten.at\/danielbednarzek\/ueber\/sprachen\/\">Sprachen<\/a> | <a href=\"http:\/\/mitarbeiter.fh-kaernten.at\/danielbednarzek\/ueber\/auszeichnungen-und-vortraege-publikation\/\">Auszeichnungen, Vortr\u00e4ge, Publikationen<\/a> | <a href=\"http:\/\/mitarbeiter.fh-kaernten.at\/danielbednarzek\/ueber\/non-work-activity\/\">non work activity<\/a> | <a href=\"http:\/\/mitarbeiter.fh-kaernten.at\/danielbednarzek\/ueber\/persoenliches\/\">Pers\u00f6nliches<\/a><\/p>\n","protected":false},"excerpt":{"rendered":"<p>Berufliche T\u00e4tigkeit und Qualifikation |\u00a0Ausbildung | Auslandserfahrung | Sprachen | Auszeichnungen, Vortr\u00e4ge, Publikationen | non work activity | Pers\u00f6nliches BERUFLICHE T\u00c4TIGKEIT UND QUALIFIKATION seit 06\/2015 Entwicklung von Eigenprojekten sozial gerechte Bodennutzung (kooperative Zusammenarbeit mit drei Gemeinden) Im Zuge meines Postgradualem<\/p>\n","protected":false},"author":3,"featured_media":0,"parent":0,"menu_order":0,"comment_status":"closed","ping_status":"closed","template":"","meta":{"footnotes":""},"class_list":["post-2","page","type-page","status-publish","hentry"],"_links":{"self":[{"href":"https:\/\/mitarbeiter.fh-kaernten.at\/danielbednarzek\/wp-json\/wp\/v2\/pages\/2","targetHints":{"allow":["GET"]}}],"collection":[{"href":"https:\/\/mitarbeiter.fh-kaernten.at\/danielbednarzek\/wp-json\/wp\/v2\/pages"}],"about":[{"href":"https:\/\/mitarbeiter.fh-kaernten.at\/danielbednarzek\/wp-json\/wp\/v2\/types\/page"}],"author":[{"embeddable":true,"href":"https:\/\/mitarbeiter.fh-kaernten.at\/danielbednarzek\/wp-json\/wp\/v2\/users\/3"}],"replies":[{"embeddable":true,"href":"https:\/\/mitarbeiter.fh-kaernten.at\/danielbednarzek\/wp-json\/wp\/v2\/comments?post=2"}],"version-history":[{"count":4,"href":"https:\/\/mitarbeiter.fh-kaernten.at\/danielbednarzek\/wp-json\/wp\/v2\/pages\/2\/revisions"}],"predecessor-version":[{"id":29,"href":"https:\/\/mitarbeiter.fh-kaernten.at\/danielbednarzek\/wp-json\/wp\/v2\/pages\/2\/revisions\/29"}],"wp:attachment":[{"href":"https:\/\/mitarbeiter.fh-kaernten.at\/danielbednarzek\/wp-json\/wp\/v2\/media?parent=2"}],"curies":[{"name":"wp","href":"https:\/\/api.w.org\/{rel}","templated":true}]}}