{"id":23,"date":"2016-04-20T10:41:21","date_gmt":"2016-04-20T08:41:21","guid":{"rendered":"http:\/\/mitarbeiter.fh-kaernten.at\/evamir\/?page_id=23"},"modified":"2025-03-26T17:37:22","modified_gmt":"2025-03-26T16:37:22","slug":"artikel-in-zeitschriften","status":"publish","type":"page","link":"https:\/\/mitarbeiter.fh-kaernten.at\/evamir\/publikationen\/artikel-in-zeitschriften\/","title":{"rendered":"Artikel in Zeitschriften"},"content":{"rendered":"<p>Brunner, E. (2006). No risk, no fun? \u2013 Sexuelles Risikoverhalten in der Jugend. Dialog \u2013 Zeitschrift f\u00fcr Aids- und Sexualfragen, 2(15), 1-2.<\/p>\r\n<p>Brunner, E. (2007). Gesundheitsf\u00f6rderung von Unimenschen f\u00fcr Unimenschen \u2013 1. Gesundheitstag an der Alpen-Adria-Universit\u00e4t Klagenfurt. Pr\u00e4vention. Zeitschrift f\u00fcr Gesundheitsf\u00f6rderung 1, 26-28.<\/p>\r\n<p>Brunner, E. (2011). L\u00e4ssig statt stressig durchs Studium \u2013 Ein Antistressmanual von Studierenden f\u00fcr Studierende. Impulse. Newsletter zur Gesundheitsf\u00f6rderung, 71, 25-26.<\/p>\r\n<p>Brunner, E., Brunner, C., Mayring, P., \u00d6hner-Scheiber, C. &amp; Prehslauer, B. (2009). Suchtbehandlung auf dem Pr\u00fcfstand \u2013 Evidenztriangulation statt Evidenzhierarchie. Suchtmed, 11, 59-62.<\/p>\r\n<p>Brunner, E., Jenull-Schiefer, B., Kada, O. &amp; Brunner, C. (2007). Jugendsexualit\u00e4t heute. Zentrale Ergebnisse der Studie \u201eLust or trust? Sexuelles Risikoverhalten heterosexueller Jugendlicher und junger Erwachsener in K\u00e4rnten.\u201c In PlusMinus, 2, 5-7<\/p>\r\n<p>Brunner, E., Jenull, B., Kada, O. &amp; Brunner, C. (2007). Sexualpr\u00e4vention \u2013 immer noch ein Thema? Eine Mixed-Methods-Studie zum sexuellen Risikoverhalten heterosexueller Jugendlicher und junger Erwachsener in K\u00e4rnten. P\u00e4diatrie &amp; P\u00e4dologie. \u00d6sterreichische Zeitschrift f\u00fcr Kinder- und Jugendheilkunde, 42(6), 16-18.<\/p>\r\n<p>Brunner, E. &amp; Kada, O. (2008). Evaluation betrieblicher Gesundheitsf\u00f6rderung. Sichere Arbeit. Internationales Fachmagazin f\u00fcr Pr\u00e4vention in der Arbeitswelt, 4, 14-17.<\/p>\r\n<p>Brunner, E. &amp; Kada, O. (2010a). \u201eDrinking makes it easier\u201c \u2013 Binge Drinking und sexuelles Risikoverhalten. Impulse. Newsletter zur Gesundheitsf\u00f6rderung, 67, 14-15.<\/p>\r\n<p>Brunner, E. &amp; Kada, O. (2010b). Entwicklung eines gerontologischen Online-Master-Studienprogrammes \u2013 Das EU-Projekt GEROM. Pflegewissenschaft, 6, 349-353.<\/p>\r\n<p>Brunner, E. &amp; Kada, O. (2010c). Neues EU-Projekt an der Fachhochschule K\u00e4rnten: Wie kann die Pflege die Computerkompetenzen \u00e4lterer Menschen f\u00f6rdern? \u00d6sterreichische Pflegezeitschrift, 3, 26.<\/p>\r\n<p>Brunner, E. &amp; Kada, O. (2010d). Professionalisation of gerontological nursing \u2013 the development of an international online gerontological master degree programme. Nurse Education Today, 30, 779-783.<\/p>\r\n<p>Brunner, E. &amp; Kada, O. (2011a). Berufsbegleitend Studieren \u2013 Ein Gesundheitsrisiko? Konzeption und Umsetzung einer Lehrveranstaltung zum Thema \u201eGesundheitsf\u00f6rderung\u201c. Pflegewissenschaft,3, 156-161.<\/p>\r\n<p>Brunner, E. &amp; Kada, O. (2011b). Teaching health promotion in nursing \u2013 promoting active learning. International Journal of University Teaching and Faculty Development, 1(3), 183-192.<\/p>\r\n<p>Brunner, E., Maier, M., Gritsch, A. &amp; Jenull, B. (2009). Die Universit\u00e4t \u2013 ein koh\u00e4rentes Setting? Messung des studentischen Koh\u00e4renzgef\u00fchls. Pr\u00e4vention und Gesundheitsf\u00f6rderung, 4, 66-77.<\/p>\r\n<p>Brunner, E., Wilhelmer, M., Neugebauer, S., Kreiner, P. &amp; Nagele, G. (2012). \u201eWenn ich HIV-positiv w\u00e4re\u2026\u201c F\u00fcr Sensibilisierung, gegen Diskriminierung im Gesundheitswesen! PlusMinus. Informationsmagazin der Aidshilfen \u00d6sterreichs, 1, 6-7.<\/p>\r\n<p>Brunner, E. &amp; Wilhelmer, M. (2011). Wider der Diskriminierung HIV-positiver und AIDS-kranker Menschen. Ein innovativer Ansatz zur Sensibilisierung von T\u00e4tigen im Gesundheitswesen. PlusMinus. Informationsmagazin der Aidshilfen \u00d6sterreichs, 3, 13-14.<\/p>\r\n<p>Gebhard, D. &amp; Mir, E. (2021). What Moves People Living With Dementia? Exploring Barriers and Motivators for Physical Activity Perceived by People Living With Dementia in Care Homes. Qualitative health research, 10497323211002822. Advance online publication. https:\/\/doi.org\/10.1177\/10497323211002822<\/p>\r\n<p>Gebhard, D., Bokali\u0107, M., Fluch, E., Webernig, G., Mitterbacher, A. &amp; Mir, E. (2014). Gesundheit in Bewegung. Interdisziplin\u00e4re Konzeption einer gesundheitsf\u00f6rdernden Bewegungsintervention f\u00fcr Menschen mit Demenz. \u00d6GPH Newsletter, M\u00e4rz 2014, 7-8.<\/p>\r\n<p>Gebhard, D. &amp; Brunner, E. (2012). HUROPEL \u2013 Human rights, older people and end of life care. Ein innovatives Erasmus Intensivprogramm f\u00fcr Studierende aus dem Gesundheits- und Pflegebereich mit interdisziplin\u00e4rem Fokus auf den letzten Abschnitt des Lebens. Pflegewissenschaft, 2, 93-98.<\/p>\r\n<p>Gebhard, D., Mir, E. &amp; Mitterbacher, A. (2015). Gesunder Start ins Studium. Konzeption einer gesundheitsf\u00f6rdernden Intervention f\u00fcr erstsemestrig Studierende. Pr\u00e4vention und Gesundheitsf\u00f6rderung, 10, 118-123.<\/p>\r\n<p>Jenull-Schiefer, B., Brunner, E., Ofner, M. &amp; Mayring, P. (2007). Stressbelastung von Wiener Altenpflegerinnen aus \u00d6sterreich, Osteuropa und Asien. Zeitschrift f\u00fcr Gesundheitspsychologie, 15 (2), 78-82.<\/p>\r\n<p>Jenull, B., Brunner, E., Ofner, M. &amp; Mayr, M. (2008). Burnout und Coping in der station\u00e4ren Altenpflege. Ein regionaler Vergleich an examinierten Pflegekr\u00e4ften. Pflege, 1, 16-24..<\/p>\r\n<p>Jenull, B. &amp; Brunner, E. (2008). Death and dying in nursing homes: A burden for the staff? Journal of Applied Gerontology, 27(2), 166-180.<\/p>\r\n<p>Jenull, B. &amp; Brunner, E. (2009). Macht Altenpflege krank? Eine qualitative Studie zu Arbeitserfahrungen, Coping und Gesundheitsverhaltensweisen bei Pflegekr\u00e4ften. Zeitschrift f\u00fcr Gerontopsychologie &amp; -psychiatrie, 22, 5-10.<\/p>\r\n<p>Jenull, B., Salem, I. &amp; Brunner, E. (2009). Is caring for the elderly a health risk? A qualitative study on work experience, coping and health behavior of nurses. International Journal of Psychology Research, 4, 345-369.<\/p>\r\n<p>Jenull, B., Salem, I. &amp; Mir, E. (2012). The care situation, stigmatization and requirements of people with mental health problems in rural areas. Advances in Applied Sociology, 2, 268-273.<\/p>\r\n<p>Kada, O. &amp; Brunner, E. (2008). Neue Wege in der Pflegebildung. Die Entwicklung eines internationalen gerontologischen Online-Studienprogramms. Procare, 11, 38-39.<\/p>\r\n<p>Kada, O. &amp; Brunner, E. (2009a). Men who care. Eine Mixed Methods-Studie \u00fcber die Situation von M\u00e4nnern in der Altenpflege. Zeitschrift f\u00fcr Gerontopsychologie &amp; -psychiatrie, 22, 101-110.<\/p>\r\n<p>Kada, O. &amp; Brunner, E. (2009b). Beanspruchung im Krankenhaus \u2013 Eine transaktionale, salutogenetische Betrachtungsweise. Praxis Klinische Verhaltensmedizin und Rehabilitation, 85, 198-207.<\/p>\r\n<p>Kada, O. &amp; Brunner, E. (2010a). Computerkompetenz im Alter erwerben! Darstellung eines EU-Projektes an der Fachhochschule K\u00e4rnten. Procare, 15, 20-21.<\/p>\r\n<p>Kada, O. &amp; Brunner, E. (2010b). Maskulinit\u00e4t und Femininit\u00e4t in Selbst- und Idealbildern diplomierter Gesundheits- und Krankenschwestern. Pflegezeitschrift, 63, 480-490.<\/p>\r\n<p>Kada, O., Brunner, E., Frick, U. &amp; Landfried, S. (2009). K\u00fcbeln statt Gr\u00fcbeln? Eine Mixed Methods Studie zum Ausgeh- und Trinkverhalten von Studierenden. P\u00e4diatrie &amp; P\u00e4dologie. \u00d6sterreichische Zeitschrift f\u00fcr Kinder- &amp; Jugendheilkunde, 2, 26-29.<\/p>\r\n<p>Kada, O., Brunner, E., Likar, R., Pinter, G., Leutgeb, I., Francisci, N., Pfeiffer, B. &amp; Janig, H. (2011). Vom Pflegeheim ins Krankenhaus und wieder zur\u00fcck\u2026Eine multimethodale Analyse von Krankenhaustransporten aus Alten- und Pflegeheimen. Zeitschrift f\u00fcr Evidenz, Fortbildung und Qualit\u00e4t im Gesundheitswesen, 105, 714-722.<\/p>\r\n<p>Kada, O., Brunner, E. &amp; Maier, M. (2010). Geschlechtsrollenorientierung und interdisziplin\u00e4re Zusammenarbeit im Gesundheitswesen. Zeitschrift f\u00fcr Evidenz, Fortbildung und Qualit\u00e4t im Gesundheitswesen, 104, 495-502.<\/p>\r\n<p>Kada, O., Brunner, E. &amp; Maier, M. (2011). Das Krankenhaus \u2013 ein koh\u00e4rentes Setting? Entwicklung eines bereichsspezifischen Instrumentes zur Messung des Koh\u00e4renzgef\u00fchls w\u00e4hrend station\u00e4rer Aufenthalte (Teil 2). Pr\u00e4vention und Gesundheitsf\u00f6rderung, 6, 299-304.<\/p>\r\n<p>Limarutti, A., Flaschberger, S.S. &amp; Mir, E. (2021). Wo steht mir der Kopf? \u2013 Herausforderungen von berufsbegleitend Studierenden w\u00e4hrend der COVID-19-Pandemie. HBScience 12, 39\u201347. <a href=\"https:\/\/doi.org\/10.1007\/s16024-021-00351-1\" target=\"_blank\" rel=\"noopener\">https:\/\/doi.org\/10.1007\/s16024-021-00351-1<\/a><\/p>\r\n<p>Limarutti, A., Maier, M. J., Mir, E., &amp; Gebhard, D. (2021). Pick the Freshmen Up for a &#8222;Healthy Study Start&#8220; Evaluation of a Health Promoting Onboarding Program for First Year Students at the Carinthia University of Applied Sciences, Austria. Frontiers in public health, 9, 652998. https:\/\/doi.org\/10.3389\/fpubh.2021.652998<\/p>\r\n<p class=\"x_MsoTitle\" data-ogsc=\"rgb(255, 96, 58)\"><span data-ogsc=\"\"><a name=\"x__Hlk76455827\" data-safelink=\"true\"><\/a><span lang=\"EN-US\" data-ogsc=\"windowtext\" data-ogsb=\"yellow\">Limarutti, A., &amp; Mir, E. (2020). <\/span><\/span><span data-ogsc=\"\">Ressourcen in Krisenzeiten: Selbst- und Sozialkompetenzen bei berufsbegleitend Studierenden. Procare : das forbildungsmagazin fur pflegeberufe, 25(4), 12\u201313. <\/span><a href=\"https:\/\/doi.org\/10.1007\/s00735-020-1188-2\" target=\"_blank\" rel=\"noopener noreferrer\" data-auth=\"NotApplicable\" data-safelink=\"true\" data-linkindex=\"2\" data-ogsc=\"\"><span data-ogsb=\"yellow\">https:\/\/doi.org\/10.1007\/s00735-020-1188-2<\/span><\/a><\/p>\r\n<p class=\"x_MsoTitle\" data-ogsc=\"rgb(255, 96, 58)\"><span data-ogsc=\"\">Limarutti, A. &amp; Mir, E. (2020). Wie die KukiS-Toolbox (Kompetent und koh\u00e4rent im Studium-Toolbox) auch in Zeiten von COVID- 19 unterst\u00fctzt. <\/span><span data-ogsc=\"\"><span lang=\"EN-US\" data-ogsc=\"windowtext\" data-ogsb=\"yellow\">\u00d6GPH-Newsletter, September 2020, 8-9.<\/span><\/span><\/p>\r\n<p class=\"x_MsoTitle\" data-ogsc=\"rgb(255, 96, 58)\"><span data-ogsc=\"\"><span lang=\"EN-US\" data-ogsc=\"windowtext\" data-ogsb=\"yellow\">Limarutti, A., Maier, M.J. &amp; Mir, E. (2021). Exploring loneliness and students\u2019 sense of coherence (S-SoC) in the university setting. <\/span><\/span><span data-ogsc=\"\">Current Psychology. <a class=\"ms-outlook-linkify\" href=\"https:\/\/doi.org\/10.1007\/s12144-021-02016-8\" target=\"_blank\" rel=\"noopener\" data-ogsc=\"\">https:\/\/doi.org\/10.1007\/s12144-021-02016-8<\/a><\/span><\/p>\r\n<p class=\"x_MsoTitle\" data-ogsc=\"rgb(255, 96, 58)\"><span data-ogsc=\"\">Limarutti, A. &amp; Mir, E. (2021). F\u00f6rderung von Selbst- und Sozialkompetenzen bei Studierenden am Beispiel des Projekts KukiS-Toolbox (Kompetent und koh\u00e4rent im Studium-Toolbox). <\/span><span data-ogsc=\"\"><span lang=\"EN-US\" data-ogsc=\"windowtext\" data-ogsb=\"yellow\">Zeitschrift f\u00fcr Hochschulentwicklung, 16(2), 215-227. doi: 10.3217\/zfhe-16-02\/15<\/span><\/span><\/p>\r\n<p class=\"x_MsoTitle\" data-ogsc=\"rgb(255, 96, 58)\"><span data-ogsc=\"\"><span lang=\"EN-US\" data-ogsc=\"windowtext\" data-ogsb=\"yellow\">Limarutti, A. &amp; Mir. E. (2021). Projektstart \u201eSHAB@CUAS (Student Health Advisory Board at Carinthia University of Applied Sciences). <\/span><\/span><span data-ogsc=\"\">\u00d6GPH-Newsletter, M\u00e4rz 2021, 21-23.<\/span><\/p>\r\n<p data-ogsc=\"rgb(255, 96, 58)\">Limarutti, A. &amp; Mir, E. (2023). Der studentische Gesundheitsbeirat \u2013 wie die F\u00f6rderung der Studierendengesundheit an der Fachhochschule K\u00e4rnten gelingt. Personal- und Organisationsentwicklung in Einrichtungen der Lehre und Forschung,18 (1+2), 61-65.<\/p>\r\n<p>Martinz, H., Gebhard, D. &amp; Mir, E. (2014). Das EU-Projekt POSADEM. L\u00e4nder\u00fcbergreifende Ausbildung im Demenzbereich. Procare, 5, 32-33.<\/p>\r\n<p>Martinz, H. &amp; Mir, E. (2013). \u201eWas Dich nicht umbringt, macht Dich nur h\u00e4rter.\u201c Gesundheit, Gesundheitsverhalten und Interesse an Gesundheitsf\u00f6rderung von \u00f6sterreichischen Grundwehrdienern. Pr\u00e4vention und Gesundheitsf\u00f6rderung, 2, 92-98.<\/p>\r\n<p>Mir, E. (2012). Ausgrenzung minimieren \u2013 Akzeptanz maximieren. Sichere Arbeit. Internationales Fachmagazin f\u00fcr Pr\u00e4vention in der Arbeitswelt, 6, 38-41.<\/p>\r\n<p>Mir, E. (2013a). \u201eMittendrin statt nur dabei\u2026\u201c Studentische Partizipation im Kontext hochschulischer Gesundheitsf\u00f6rderung. Pr\u00e4vention und Gesundheitsf\u00f6rderung, 3, 212-217.<\/p>\r\n<p>Mir, E. (2013b). Risiken am Arbeitsplatz gef\u00e4hrden die Gesundheit. Warum sch\u00fctzen Sie sich dann nicht? Sichere Arbeit. Internationales Fachmagazin f\u00fcr Pr\u00e4vention in der Arbeitswelt, 5, 12-17.<\/p>\r\n<p>Mir, E. (2013c). Teilhaben lassen und teilhaben: Studentische Partizipation in der hochschulischen Gesundheitsf\u00f6rderung. Impulse. Newsletter zur Gesundheitsf\u00f6rderung, 78, 21-22.<\/p>\r\n<p>Mir. E. (2016). Demenz.Bewegt.Leben. Ein nachhaltiges Lehr- und Lernprojekt zur Gesundheitsf\u00f6rderung f\u00fcr Menschen mit Demenz. Pflege Professionell, 6, 13-15.<\/p>\r\n<p>Mir, E., Auer, S., Czegka, B., Plunger, P., Rappold, E. &amp; Gebhard, D. (2018). \u00d6sterreichische Demenz-Expertise vernetzen. Exemplarische Ausgestaltung der Demenzstrategie \u201eGut Leben mit Demenz\u201c. Pflege Professionell, 20, 63-68.<\/p>\r\n<p>Mir, E. et al. (2014). triangel. Teams \u2013 Ressourcen \u2013 Identifikation \u2013 Arbeitswelt Nachhaltig Gestalten Entwickeln &amp; Leben. Betriebliches Gesundheitsf\u00f6rderungsprojekt an der FH K\u00e4rnten. \u00d6GPH Newsletter, M\u00e4rz 2014, 9-10.<\/p>\r\n<p>Mir, E. &amp; Gebhard, D. (2015). Gesunder Start ins Studium (\u2013 Reloaded): Gesundheitsf\u00f6rderung f\u00fcr Erstsemestrige. Vom Pilotprojekt zur curricularen Verankerung. P\u00e4dagogik der Gesundheitsberufe. Die Zeitschrift f\u00fcr den interprofessionellen Dialog, 2, 61-66.<\/p>\r\n<p>Mir, E., Gebhard, D., Webernig, G., Fluch, E., Mitterbacher, A. &amp; Bokali\u0107, M. (2014). Bewegung und Demenz. Ein innovatives transdisziplin\u00e4res Gesundheitsf\u00f6rderungsprojekt unterst\u00fctzt gemeinsame Bewegung bei demenzerkrankten Menschen. Procare, 5, 30-31.<\/p>\r\n<p>Mir, E., Gebhard, D. &amp; Mitterbacher, A. (2013). Gesundheitsf\u00f6rderung im Ergotherapiestudium. Projekt \u201eGesunder Start ins Studium\u201c an der FH K\u00e4rnten. \u00d6GPH Newsletter, September 2013, 4-5.<\/p>\r\n<p>Mir, E., Gebhard, D. &amp; Mitterbacher, A. (2014). Gesunder Start ins Studium. Ein Pilotprojekt zur F\u00f6rderung der Gesundheit von erstsemestrigen Ergotherapiestudierenden an der Fachhochschule K\u00e4rnten (\u00d6sterreich), sowie einige Daten zum generellen Gesundheitszustand von Studierenden in \u00d6sterreich und Deutschland. Journal Gesundheitsf\u00f6rderung, 1, 68-70.<\/p>\r\n<p>Mir, E., Kada, O., Brunkel, H., Kohlmann, E. &amp; Kohlmann, C.-W. (2016). Wie nehmen Auszubildende der Altenpflege die Arbeits- und Organisationsstrukturen in der Praxis wahr? Erfahrungen mit einem arbeitspsychologischen Screeningverfahren (Wissenschaftliche Kurzmitteilung). Heilberufe Science, 7(2), 83\u201387.<\/p>\r\n<p>Mir, E., Lichtenberger, D., Pichler, C. &amp; Wegscheider, M. (2012). Schleuderfrei durchs Studium \u2013 Entwicklung eines Antistresskurses f\u00fcr berufsbegleitend Studierende im Zuge einer Lehrveranstaltungstrilogie zum Thema Gesundheitsf\u00f6rderung. Zeitschrift f\u00fcr Medizinische Psychologie, 4, 199-202.<\/p>\r\n<p>Mir, E. &amp; Penz, H. (2021). \u201eGesundheitsf\u00f6rderung \u2013 lohnt sich das?\u201c Ein Diskussionsspiel f\u00fcr Ausbildung und Praxis [&#8222;Health promotion: Is it worth it?&#8220; A discussion game for training and practice]. Zeitschrift fur Evidenz, Fortbildung und Qualit\u00e4t im Gesundheitswesen, 161, 63\u201365. <a href=\"https:\/\/doi.org\/10.1016\/j.zefq.2021.01.001\" target=\"_blank\" rel=\"noopener\">https:\/\/doi.org\/10.1016\/j.zefq.2021.01.001<\/a><\/p>\r\n<p>Mir, E. &amp; Limarutti, A. (2019). Projektstart \u201eKukiS-Toolbox (Kompetent und koh\u00e4rent im Studium-Toolbox). \u00d6GPH-Newsletter, Juni 2019, S. 18-20.<\/p>\r\n<p>Mir, E.; Limarutti, A. &amp; Hofferer, M. (2024). Lernen in, mit und f\u00fcr die Natur \u2013 Implikationen f\u00fcr den Hochschulkontext. Die Hochschullehre, 10(40), 501-511. doi:10.3278\/HSL2440W<\/p>\r\n<p>Schmid, C., Gebhard, D., Fluch, E., Mitterbacher, A., Mir, E., Bokalic, M., Deisenberger, E.M., Limarutti A. (2015). Physiotherapeutische Bewegungsinterventionen zur Gesundheitsf\u00f6rderung bei Demenz. Physioscience 11, 134-140. DOI: 10.1055\/s-0035-1554028<\/p>\r\n\r\n<p>&nbsp;<\/p>\r\n\r\n\r\n\r\n<p>&nbsp;<\/p>\r\n\r\n\r\n\r\n<p>&nbsp;<\/p>\r\n","protected":false},"excerpt":{"rendered":"<p>Brunner, E. (2006). No risk, no fun? \u2013 Sexuelles Risikoverhalten in der Jugend. Dialog \u2013 Zeitschrift f\u00fcr Aids- und Sexualfragen, 2(15), 1-2. Brunner, E. (2007). Gesundheitsf\u00f6rderung von Unimenschen f\u00fcr Unimenschen \u2013 1. Gesundheitstag an der Alpen-Adria-Universit\u00e4t Klagenfurt. Pr\u00e4vention. Zeitschrift f\u00fcr<\/p>\n","protected":false},"author":3,"featured_media":0,"parent":6,"menu_order":1,"comment_status":"closed","ping_status":"closed","template":"","meta":{"footnotes":""},"class_list":["post-23","page","type-page","status-publish","hentry"],"_links":{"self":[{"href":"https:\/\/mitarbeiter.fh-kaernten.at\/evamir\/wp-json\/wp\/v2\/pages\/23","targetHints":{"allow":["GET"]}}],"collection":[{"href":"https:\/\/mitarbeiter.fh-kaernten.at\/evamir\/wp-json\/wp\/v2\/pages"}],"about":[{"href":"https:\/\/mitarbeiter.fh-kaernten.at\/evamir\/wp-json\/wp\/v2\/types\/page"}],"author":[{"embeddable":true,"href":"https:\/\/mitarbeiter.fh-kaernten.at\/evamir\/wp-json\/wp\/v2\/users\/3"}],"replies":[{"embeddable":true,"href":"https:\/\/mitarbeiter.fh-kaernten.at\/evamir\/wp-json\/wp\/v2\/comments?post=23"}],"version-history":[{"count":3,"href":"https:\/\/mitarbeiter.fh-kaernten.at\/evamir\/wp-json\/wp\/v2\/pages\/23\/revisions"}],"predecessor-version":[{"id":223,"href":"https:\/\/mitarbeiter.fh-kaernten.at\/evamir\/wp-json\/wp\/v2\/pages\/23\/revisions\/223"}],"up":[{"embeddable":true,"href":"https:\/\/mitarbeiter.fh-kaernten.at\/evamir\/wp-json\/wp\/v2\/pages\/6"}],"wp:attachment":[{"href":"https:\/\/mitarbeiter.fh-kaernten.at\/evamir\/wp-json\/wp\/v2\/media?parent=23"}],"curies":[{"name":"wp","href":"https:\/\/api.w.org\/{rel}","templated":true}]}}