{"id":25,"date":"2016-04-20T10:41:43","date_gmt":"2016-04-20T08:41:43","guid":{"rendered":"http:\/\/mitarbeiter.fh-kaernten.at\/evamir\/?page_id=25"},"modified":"2020-02-03T11:48:32","modified_gmt":"2020-02-03T10:48:32","slug":"monografien","status":"publish","type":"page","link":"https:\/\/mitarbeiter.fh-kaernten.at\/evamir\/publikationen\/monografien\/","title":{"rendered":"Monografien"},"content":{"rendered":"<p>Brunner, E. (2008). Jugendsexualit\u00e4t heute. Schutzverhalten zwischen Lust und Vertrauen. Saarbr\u00fccken: VDM Verlag.<\/p>\n<p>Mir, E. (2013). Psychologische Gesundheitsf\u00f6rderung im Studien- und Arbeitskontext. Beitr\u00e4ge zur F\u00f6rderung der Gesundheit von im Gesundheitswesen T\u00e4tigen. Zusammenfassende Darstellung der als schriftliche Habilitationsleistung in der Fakult\u00e4t I der P\u00e4dagogischen Hochschule Schw\u00e4bisch Gm\u00fcnd vorgelegten wissenschaftlichen Schriften. Schw\u00e4bisch Gm\u00fcnd, Deutschland.<\/p>\n","protected":false},"excerpt":{"rendered":"<p>Brunner, E. (2008). Jugendsexualit\u00e4t heute. Schutzverhalten zwischen Lust und Vertrauen. Saarbr\u00fccken: VDM Verlag. Mir, E. (2013). Psychologische Gesundheitsf\u00f6rderung im Studien- und Arbeitskontext. Beitr\u00e4ge zur F\u00f6rderung der Gesundheit von im Gesundheitswesen T\u00e4tigen. Zusammenfassende Darstellung der als schriftliche Habilitationsleistung in der Fakult\u00e4t<\/p>\n","protected":false},"author":3,"featured_media":0,"parent":6,"menu_order":2,"comment_status":"closed","ping_status":"closed","template":"","meta":{"footnotes":""},"class_list":["post-25","page","type-page","status-publish","hentry"],"_links":{"self":[{"href":"https:\/\/mitarbeiter.fh-kaernten.at\/evamir\/wp-json\/wp\/v2\/pages\/25","targetHints":{"allow":["GET"]}}],"collection":[{"href":"https:\/\/mitarbeiter.fh-kaernten.at\/evamir\/wp-json\/wp\/v2\/pages"}],"about":[{"href":"https:\/\/mitarbeiter.fh-kaernten.at\/evamir\/wp-json\/wp\/v2\/types\/page"}],"author":[{"embeddable":true,"href":"https:\/\/mitarbeiter.fh-kaernten.at\/evamir\/wp-json\/wp\/v2\/users\/3"}],"replies":[{"embeddable":true,"href":"https:\/\/mitarbeiter.fh-kaernten.at\/evamir\/wp-json\/wp\/v2\/comments?post=25"}],"version-history":[{"count":1,"href":"https:\/\/mitarbeiter.fh-kaernten.at\/evamir\/wp-json\/wp\/v2\/pages\/25\/revisions"}],"predecessor-version":[{"id":26,"href":"https:\/\/mitarbeiter.fh-kaernten.at\/evamir\/wp-json\/wp\/v2\/pages\/25\/revisions\/26"}],"up":[{"embeddable":true,"href":"https:\/\/mitarbeiter.fh-kaernten.at\/evamir\/wp-json\/wp\/v2\/pages\/6"}],"wp:attachment":[{"href":"https:\/\/mitarbeiter.fh-kaernten.at\/evamir\/wp-json\/wp\/v2\/media?parent=25"}],"curies":[{"name":"wp","href":"https:\/\/api.w.org\/{rel}","templated":true}]}}