{"id":27,"date":"2016-04-20T10:42:03","date_gmt":"2016-04-20T08:42:03","guid":{"rendered":"http:\/\/mitarbeiter.fh-kaernten.at\/evamir\/?page_id=27"},"modified":"2020-02-03T11:48:42","modified_gmt":"2020-02-03T10:48:42","slug":"herausgeberwerke","status":"publish","type":"page","link":"https:\/\/mitarbeiter.fh-kaernten.at\/evamir\/publikationen\/herausgeberwerke\/","title":{"rendered":"Herausgeberwerke"},"content":{"rendered":"<p>Brunner, E. (Hrsg.). (2011). L\u00e4ssig statt stressig durchs Studium. Ein Antistressmanual von Studierenden f\u00fcr Studierende. Allgemeiner Teil (Teil 1). Online in Internet: http:\/\/www.ph-gmuend.de\/deutsch\/downloads\/studium\/Laessig_statt_stressig_durchs_Studium_Allgemeiner_Teil.pdf [Zugriff am 26.07.2011].<\/p>\n<p>Brunner, E. (Hrsg.). (2011). L\u00e4ssig statt stressig durchs Studium. Ein Antistressmanual von Studierenden f\u00fcr Studierende. Lehramtsspezifischer Teil (Teil 2). Online in Internet: http:\/\/www.ph-gmuend.de\/deutsch\/downloads\/studium\/Laessig_statt_stressig_durchs_Studium_Lehramtsspezifischer_Teil_final.pdf&nbsp; [Zugriff am 26.07.2011].<\/p>\n<p>Brunner, E., Gula, B., Jenull-Schiefer, B., Alexandrowicz, R. &amp; Vitouch, O. (Hrsg.). (2006). Beitr\u00e4ge zur 7. Wissenschaftlichen Tagung der \u00d6sterreichischen Gesellschaft f\u00fcr Psychologie. Klagenfurt: Hermagoras.<\/p>\n<p>Gebhard, D. &amp; Mir, E. (2019). Gesundheitsf\u00f6rderung und Pr\u00e4vention f\u00fcr Menschen mit Demenz. Grundlagen und Interventionen. Berlin: Springer. DOI: 10.1007\/978-3-662-58130-8<\/p>\n<p>Gula, B., Alexandrowicz, R., Strau\u00df, S., Brunner, E., Jenull-Schiefer, B. &amp; Vitouch O. (Hrsg.). (2006). Perspektiven psychologischer Forschung. Lengerich: Pabst.<\/p>\n<p>Mayring, P. &amp; Brunner, E. (2007). 7. Workshop Qualitative Inhaltsanalyse. Abstractband. Klagenfurt: Hermagoras.<\/p>\n","protected":false},"excerpt":{"rendered":"<p>Brunner, E. (Hrsg.). (2011). L\u00e4ssig statt stressig durchs Studium. Ein Antistressmanual von Studierenden f\u00fcr Studierende. Allgemeiner Teil (Teil 1). Online in Internet: http:\/\/www.ph-gmuend.de\/deutsch\/downloads\/studium\/Laessig_statt_stressig_durchs_Studium_Allgemeiner_Teil.pdf [Zugriff am 26.07.2011]. Brunner, E. (Hrsg.). (2011). L\u00e4ssig statt stressig durchs Studium. Ein Antistressmanual von Studierenden f\u00fcr<\/p>\n","protected":false},"author":3,"featured_media":0,"parent":6,"menu_order":3,"comment_status":"closed","ping_status":"closed","template":"","meta":{"footnotes":""},"class_list":["post-27","page","type-page","status-publish","hentry"],"_links":{"self":[{"href":"https:\/\/mitarbeiter.fh-kaernten.at\/evamir\/wp-json\/wp\/v2\/pages\/27","targetHints":{"allow":["GET"]}}],"collection":[{"href":"https:\/\/mitarbeiter.fh-kaernten.at\/evamir\/wp-json\/wp\/v2\/pages"}],"about":[{"href":"https:\/\/mitarbeiter.fh-kaernten.at\/evamir\/wp-json\/wp\/v2\/types\/page"}],"author":[{"embeddable":true,"href":"https:\/\/mitarbeiter.fh-kaernten.at\/evamir\/wp-json\/wp\/v2\/users\/3"}],"replies":[{"embeddable":true,"href":"https:\/\/mitarbeiter.fh-kaernten.at\/evamir\/wp-json\/wp\/v2\/comments?post=27"}],"version-history":[{"count":3,"href":"https:\/\/mitarbeiter.fh-kaernten.at\/evamir\/wp-json\/wp\/v2\/pages\/27\/revisions"}],"predecessor-version":[{"id":147,"href":"https:\/\/mitarbeiter.fh-kaernten.at\/evamir\/wp-json\/wp\/v2\/pages\/27\/revisions\/147"}],"up":[{"embeddable":true,"href":"https:\/\/mitarbeiter.fh-kaernten.at\/evamir\/wp-json\/wp\/v2\/pages\/6"}],"wp:attachment":[{"href":"https:\/\/mitarbeiter.fh-kaernten.at\/evamir\/wp-json\/wp\/v2\/media?parent=27"}],"curies":[{"name":"wp","href":"https:\/\/api.w.org\/{rel}","templated":true}]}}