{"id":33,"date":"2016-04-20T10:43:27","date_gmt":"2016-04-20T08:43:27","guid":{"rendered":"http:\/\/mitarbeiter.fh-kaernten.at\/evamir\/?page_id=33"},"modified":"2020-02-03T11:49:15","modified_gmt":"2020-02-03T10:49:15","slug":"symposien","status":"publish","type":"page","link":"https:\/\/mitarbeiter.fh-kaernten.at\/evamir\/publikationen\/symposien\/","title":{"rendered":"Symposien"},"content":{"rendered":"<p>Brunner, E., Brunner, C. &amp; Kada, O. (2006). Adolescents sexual risk behaviour in the spotlight. Symposion at the 5<sup>th<\/sup> congress of Slovenian Psychology, Ljubljana, November 8-11, 2006.<\/p>\n<p>Gebhard, D., Mir, E., Auer, S., Czegka, B., Plunger, P. &amp; Rappold, E. (2018). Demenz als Public Health Priorit\u00e4t &#8211; Aktuelle Trends und Best Practice aus \u00d6sterreich. Symposium der Kompetenzgruppe Demenz der \u00d6sterreichischen Gesellschaft f\u00fcr Public Health. 21. Wissenschaftliche Tagung der \u00d6GPH, 23-24 May 2018, Wien Austria.<\/p>\n<p>Johnson, M., Liimatainen, A. Mir, E. Gebhard, D., Irving, K., Baudoin, M.-E., Yates-Bolton, N., Lepiesova, M. &amp; Attree, M. (2014). Human rights, older people and end of life care: Insights from an Erasmus Intensive Programme (HUROPEL). Symposium 4: Creatively Mixing Humanities and Sciences in an Erasmus Intensive Programme (HUROPEL). In NETNEP 2014, 5th international nurse education conference, 22-25 Jun 2014, Noordwijkerhout, Netherlands.<\/p>\n<p>Mayring, P. &amp; Brunner, E. (2006). Inhaltsanalyse in der Psychologie \u2013 Modelle und Abl\u00e4ufe. Symposion bei der 7. Wissenschaftlichen Tagung der \u00d6sterreichischen Gesellschaft f\u00fcr Psychologie, Klagenfurt, April 28-30, 2006.<\/p>\n<p>Mir, E. &amp; Gebhard, D. (2014). Self-care in end of life care &#8211; lessons learned from the EU-project HUROPEL. Symposium 4: Creatively Mixing Humanities and Sciences in an Erasmus Intensive Programme (HUROPEL). In NETNEP 2014, 5th international nurse education conference, 22-25 Jun 2014, Noordwijkerhout, Netherlands.<\/p>\n<p>Mir, E., Gebhard, D., Auer, A., Bramb\u00f6ck, V., Defrancesco, M., Pichler, B. &amp; Plunger, P. (2019). Gesundheitsf\u00f6rderung und Pr\u00e4vention f\u00fcr Menschen mit Demenz &#8211; Einblick, Ausblick, Weitblick. Workshop der Kompetenzgruppe Demenz der \u00d6sterreichischen Gesellschaft f\u00fcr Public Health. 22. Wissenschaftliche Tagung der \u00d6GPH, 22-23 May 2019, Wien, Austria.<\/p>\n","protected":false},"excerpt":{"rendered":"<p>Brunner, E., Brunner, C. &amp; Kada, O. (2006). Adolescents sexual risk behaviour in the spotlight. Symposion at the 5th congress of Slovenian Psychology, Ljubljana, November 8-11, 2006. Gebhard, D., Mir, E., Auer, S., Czegka, B., Plunger, P. &amp; Rappold, E.<\/p>\n","protected":false},"author":3,"featured_media":0,"parent":6,"menu_order":6,"comment_status":"closed","ping_status":"closed","template":"","meta":{"footnotes":""},"class_list":["post-33","page","type-page","status-publish","hentry"],"_links":{"self":[{"href":"https:\/\/mitarbeiter.fh-kaernten.at\/evamir\/wp-json\/wp\/v2\/pages\/33","targetHints":{"allow":["GET"]}}],"collection":[{"href":"https:\/\/mitarbeiter.fh-kaernten.at\/evamir\/wp-json\/wp\/v2\/pages"}],"about":[{"href":"https:\/\/mitarbeiter.fh-kaernten.at\/evamir\/wp-json\/wp\/v2\/types\/page"}],"author":[{"embeddable":true,"href":"https:\/\/mitarbeiter.fh-kaernten.at\/evamir\/wp-json\/wp\/v2\/users\/3"}],"replies":[{"embeddable":true,"href":"https:\/\/mitarbeiter.fh-kaernten.at\/evamir\/wp-json\/wp\/v2\/comments?post=33"}],"version-history":[{"count":2,"href":"https:\/\/mitarbeiter.fh-kaernten.at\/evamir\/wp-json\/wp\/v2\/pages\/33\/revisions"}],"predecessor-version":[{"id":134,"href":"https:\/\/mitarbeiter.fh-kaernten.at\/evamir\/wp-json\/wp\/v2\/pages\/33\/revisions\/134"}],"up":[{"embeddable":true,"href":"https:\/\/mitarbeiter.fh-kaernten.at\/evamir\/wp-json\/wp\/v2\/pages\/6"}],"wp:attachment":[{"href":"https:\/\/mitarbeiter.fh-kaernten.at\/evamir\/wp-json\/wp\/v2\/media?parent=33"}],"curies":[{"name":"wp","href":"https:\/\/api.w.org\/{rel}","templated":true}]}}