{"id":35,"date":"2016-04-20T10:43:51","date_gmt":"2016-04-20T08:43:51","guid":{"rendered":"http:\/\/mitarbeiter.fh-kaernten.at\/evamir\/?page_id=35"},"modified":"2020-02-03T11:49:25","modified_gmt":"2020-02-03T10:49:25","slug":"sonstige-wissenschaftliche-veroeffentlichungen","status":"publish","type":"page","link":"https:\/\/mitarbeiter.fh-kaernten.at\/evamir\/publikationen\/sonstige-wissenschaftliche-veroeffentlichungen\/","title":{"rendered":"Sonstige wissenschaftliche Ver\u00f6ffentlichungen"},"content":{"rendered":"<p>Brunner, C., Brunner, E. &amp; Mayring, P. (2007, November). Evaluation der Drogenambulanz Klagenfurt. Endbericht \u2013 Kurzfassung. Online in Internet: URL: <a href=\"http:\/\/www.ktn.gv.at\/33881_DE-Dateien-Evaluationsbericht_-_Drogenambulanz_Klagenfurt\">http:\/\/www.ktn.gv.at\/33881_DE-Dateien-Evaluationsbericht_-_Drogenambulanz_Klagenfurt<\/a> [letzter Zugriff: 15. September, 2009].<\/p>\n<p>Brunner, E. (2005). Qualitative Analyse der Zufriedenheits- und Unzufriedenheitsfaktoren bei K\u00e4rntner Frauen. Online in Internet: URL: <a href=\"http:\/\/psydok.sulb.uni-saarland.de\/volltexte\/2005\/450\/\">http:\/\/psydok.sulb.uni-saarland.de\/volltexte\/2005\/450\/<\/a> [letzter Zugriff: 12. Dezember, 2006].<\/p>\n<p>Brunner, E. (2008). Rezension zu: Udo Kuckartz et al. Qualitative Evaluation. Der Einstieg in die Praxis. Online in Internet: http:\/\/www.socialnet.de\/rezensionen\/5025.php [Zugriff am 2. Juni 2008].<\/p>\n<p>Brunner, E. (2009). Rezension von 23.02.2009 zu: Hans-Wolfgang Hoefert (Hrsg.). F\u00fchrung und Management im Krankenhaus. Online in Internet: http:\/\/www.socialnet.de\/rezensionen\/5334.php [Zugriff am 20. Juli 2009].<\/p>\n<p>Brunner, E. (2011). Rezension vom 11.03.2011 zu: Gabriele Bensberg, J\u00fcrgen Messer: Survivalguide Bachelor. Berlin: Springer. Online in Internet:&nbsp; http:\/\/www.socialnet.de\/rezensionen\/10896.php [Zugriff am 26.07.2011].<\/p>\n<p>Brunner, E., Brunner, C. &amp; Kada, O. (2006). Lust or trust? \u2013 Sexuelles Risikoverhalten Jugendlicher und junger Erwachsener zwischen Lust und Vertrauen. Pr\u00e4sentation des Projektkonzeptes. Leitlinien der integrativen und interdisziplin\u00e4ren Jugendarbeit. Bericht zur \u00f6sterreichischen Fachtagung Feldkirchen (K\u00e4rnten), 17.\/18.November 2005, 24-26.<\/p>\n<p>Brunner, E., Mayr, M. &amp; Klauss, R. (2006). Gesundheitsf\u00f6rderung von Unimenschen f\u00fcr Unimenschen. UNISONO, 3, 38.<\/p>\n<p>Kada, O. &amp; Brunner, E. (2006). Zwischen Neugier und Angst. Emotionen und sexuelles Risikoverhalten von M\u00e4dchen beim ersten Mal. Online in Internet: URL: <u>http:\/\/psydok.sulb.uni-saarland.de\/volltexte\/2006\/770 <\/u>[letzter Zugriff: 12. Dezember, 2006].<\/p>\n<p>Mayring, P. &amp; Brunner, E. (2006). Beitr\u00e4ge zur Qualitativen Inhaltsanalyse \u2013 Die Schriftenreihe des Instituts f\u00fcr Psychologie der Alpen-Adria-Universit\u00e4t Klagenfurt stellt sich vor. [Editorial zur Schriftenreihe \u201eBeitr\u00e4ge zur Qualitativen Inhaltsanalyse\u201c am Volltextserver PsyDok] Online in Internet: URL <a href=\"http:\/\/psydok.sulb.uni-saarland.de\/volltexte\/2006\/573\">http:\/\/psydok.sulb.uni-saarland.de\/volltexte\/2006\/573<\/a> [letzter Zugriff: 12. Dezember, 2006].<\/p>\n<p>Mir, E. Rezension vom 22.05.2015 zu: Sandra Exner, Antje Richter-Kornweitz, Martin Schumacher u.a. (Hrsg.): Silver-Age, Versorgungsfall oder doch ganz anders? Nomos Verlagsgesellschaft (Baden-Baden) 2015. 133 Seiten. ISBN 978-3-8487-1786-6. In: socialnet Rezensionen, ISSN 2190-9245, http:\/\/www.socialnet.de\/rezensionen\/18789.php, Datum des Zugriffs 27.05.2015.<\/p>\n<p>Mir, E. Rezension vom 27.03.2014 zu: Klaus M\u00fcller: Alternde Bev\u00f6lkerung und gesundheitliche Versorgung. Verlag Hans Huber (Bern, G\u00f6ttingen, Toronto, Seattle) 2014. 646 Seiten. ISBN 978-3-456-85337-6. In: socialnet Rezensionen, ISSN 2190-9245, http:\/\/www.socialnet.de\/rezensionen\/16585.php, Datum des Zugriffs 04.08.2014.<\/p>\n<p>Mir, E., Gebhard, D. &amp; Mitterbacher, A. (2014). Gesunder Start ins Studium. Projektendbericht. Online in Internet: <a href=\"http:\/\/www.fh-kaernten.at\/projekte\/download.php?fepd_oid=4299734710\">http:\/\/www.fh-kaernten.at\/projekte\/download.php?fepd_oid=4299734710<\/a> [letzter Zugriff: 27. Mai, 2015]<\/p>\n<p>Mir, E., Unterlerchner, S., Bstieler, E., Egger, C., Mitterbacher, A., Pacher, C., Schober, E., Strebinger, M., Unterrieder, A. &amp; Voutsinas, A. (2014). triangel. Das Betriebliche Gesundheitsf\u00f6rderungsprojekt an der FH K\u00e4rnten. Zwischenbericht. FH K\u00e4rnten.<\/p>\n","protected":false},"excerpt":{"rendered":"<p>Brunner, C., Brunner, E. &amp; Mayring, P. (2007, November). Evaluation der Drogenambulanz Klagenfurt. Endbericht \u2013 Kurzfassung. Online in Internet: URL: http:\/\/www.ktn.gv.at\/33881_DE-Dateien-Evaluationsbericht_-_Drogenambulanz_Klagenfurt [letzter Zugriff: 15. September, 2009]. Brunner, E. (2005). Qualitative Analyse der Zufriedenheits- und Unzufriedenheitsfaktoren bei K\u00e4rntner Frauen. Online in<\/p>\n","protected":false},"author":3,"featured_media":0,"parent":6,"menu_order":8,"comment_status":"closed","ping_status":"closed","template":"","meta":{"footnotes":""},"class_list":["post-35","page","type-page","status-publish","hentry"],"_links":{"self":[{"href":"https:\/\/mitarbeiter.fh-kaernten.at\/evamir\/wp-json\/wp\/v2\/pages\/35","targetHints":{"allow":["GET"]}}],"collection":[{"href":"https:\/\/mitarbeiter.fh-kaernten.at\/evamir\/wp-json\/wp\/v2\/pages"}],"about":[{"href":"https:\/\/mitarbeiter.fh-kaernten.at\/evamir\/wp-json\/wp\/v2\/types\/page"}],"author":[{"embeddable":true,"href":"https:\/\/mitarbeiter.fh-kaernten.at\/evamir\/wp-json\/wp\/v2\/users\/3"}],"replies":[{"embeddable":true,"href":"https:\/\/mitarbeiter.fh-kaernten.at\/evamir\/wp-json\/wp\/v2\/comments?post=35"}],"version-history":[{"count":2,"href":"https:\/\/mitarbeiter.fh-kaernten.at\/evamir\/wp-json\/wp\/v2\/pages\/35\/revisions"}],"predecessor-version":[{"id":148,"href":"https:\/\/mitarbeiter.fh-kaernten.at\/evamir\/wp-json\/wp\/v2\/pages\/35\/revisions\/148"}],"up":[{"embeddable":true,"href":"https:\/\/mitarbeiter.fh-kaernten.at\/evamir\/wp-json\/wp\/v2\/pages\/6"}],"wp:attachment":[{"href":"https:\/\/mitarbeiter.fh-kaernten.at\/evamir\/wp-json\/wp\/v2\/media?parent=35"}],"curies":[{"name":"wp","href":"https:\/\/api.w.org\/{rel}","templated":true}]}}