{"id":37,"date":"2016-04-20T10:44:18","date_gmt":"2016-04-20T08:44:18","guid":{"rendered":"http:\/\/mitarbeiter.fh-kaernten.at\/evamir\/?page_id=37"},"modified":"2020-02-03T11:49:38","modified_gmt":"2020-02-03T10:49:38","slug":"unveroeffentlichte-arbeiten","status":"publish","type":"page","link":"https:\/\/mitarbeiter.fh-kaernten.at\/evamir\/publikationen\/unveroeffentlichte-arbeiten\/","title":{"rendered":"Unver\u00f6ffentlichte Arbeiten"},"content":{"rendered":"<p>Brunner, E. (2011). Ergebnisse der Gesundheitszirkel-Arbeit im Verein MOKI K\u00e4rnten. Endbericht, M\u00e4rz 2011. Unver\u00f6ffentlichter Endbericht, Feldkirchen.<\/p>\n<p>Brunner, E. &amp; Gatternig, C. (2003). \u201eSeit ich das Magenband habe, bin ich selbstbewusster, mit jedem Kilo, das ich abnehme, habe ich noch einen geraderen Gang&#8230;\u201c. Eine empirische Studie \u00fcber das Leben mit dem Magenband. Unver\u00f6ff. Forschungsbericht, Allgemeinchirurgische Abteilung des LKH Villach, Villach.<\/p>\n<p>Brunner, E. &amp; Kada, O. (2008). Ergebnisse der MitarbeiterInnenbefragung im LKH Wolfsberg. Bericht zum 1. Erhebungszeitpunkt. September, 2008. Unver\u00f6ffentlichter Zwischenbericht, Feldkirchen.<\/p>\n<p>Brunner, E. &amp; Kada, O. (2010). Ergebnisse der MitarbeiterInnenbefragung im LKH Wolfsberg. Bericht zum 2. Erhebungszeitpunkt. Oktober, 2010. Unver\u00f6ffentlichter Endbericht, Feldkirchen.<\/p>\n<p>Mayring, P. &amp; Brunner, E. (2004). 4. Workshop Qualitative Inhaltsanalyse \u2013 Abstractband. Unver\u00f6ffentlichter Abstractband, Klagenfurt.<\/p>\n<p>Mayring, P. &amp; Brunner, E. (2005). 5. Workshop Qualitative Inhaltsanalyse \u2013 Abstractband. Unver\u00f6ffentlichter Abstractband, Klagenfurt.<\/p>\n<p>Mayring, P. &amp; Brunner, E. (2006). 6. Workshop Qualitative Inhaltsanalyse \u2013 Abstractband. Unver\u00f6ffentlichter Abstractband, Klagenfurt.<\/p>\n<p>Mayring, P. &amp; Brunner, E. (2008). 8. Workshop Qualitative Inhaltsanalyse \u2013 Abstractband. Unver\u00f6ffentlichter Abstractband, Klagenfurt.<\/p>\n<p>Mir, E., Brunner, C. &amp; Mayring, P. (2012). Evaluation der Drogenambulanz Klagenfurt. Endbericht. Unver\u00f6ffentlichter Forschungsbericht, Klagenfurt.<\/p>\n","protected":false},"excerpt":{"rendered":"<p>Brunner, E. (2011). Ergebnisse der Gesundheitszirkel-Arbeit im Verein MOKI K\u00e4rnten. Endbericht, M\u00e4rz 2011. Unver\u00f6ffentlichter Endbericht, Feldkirchen. Brunner, E. &amp; Gatternig, C. (2003). \u201eSeit ich das Magenband habe, bin ich selbstbewusster, mit jedem Kilo, das ich abnehme, habe ich noch einen<\/p>\n","protected":false},"author":3,"featured_media":0,"parent":6,"menu_order":9,"comment_status":"closed","ping_status":"closed","template":"","meta":{"footnotes":""},"class_list":["post-37","page","type-page","status-publish","hentry"],"_links":{"self":[{"href":"https:\/\/mitarbeiter.fh-kaernten.at\/evamir\/wp-json\/wp\/v2\/pages\/37","targetHints":{"allow":["GET"]}}],"collection":[{"href":"https:\/\/mitarbeiter.fh-kaernten.at\/evamir\/wp-json\/wp\/v2\/pages"}],"about":[{"href":"https:\/\/mitarbeiter.fh-kaernten.at\/evamir\/wp-json\/wp\/v2\/types\/page"}],"author":[{"embeddable":true,"href":"https:\/\/mitarbeiter.fh-kaernten.at\/evamir\/wp-json\/wp\/v2\/users\/3"}],"replies":[{"embeddable":true,"href":"https:\/\/mitarbeiter.fh-kaernten.at\/evamir\/wp-json\/wp\/v2\/comments?post=37"}],"version-history":[{"count":1,"href":"https:\/\/mitarbeiter.fh-kaernten.at\/evamir\/wp-json\/wp\/v2\/pages\/37\/revisions"}],"predecessor-version":[{"id":38,"href":"https:\/\/mitarbeiter.fh-kaernten.at\/evamir\/wp-json\/wp\/v2\/pages\/37\/revisions\/38"}],"up":[{"embeddable":true,"href":"https:\/\/mitarbeiter.fh-kaernten.at\/evamir\/wp-json\/wp\/v2\/pages\/6"}],"wp:attachment":[{"href":"https:\/\/mitarbeiter.fh-kaernten.at\/evamir\/wp-json\/wp\/v2\/media?parent=37"}],"curies":[{"name":"wp","href":"https:\/\/api.w.org\/{rel}","templated":true}]}}