{"id":2,"date":"2016-03-03T16:16:52","date_gmt":"2016-03-03T15:16:52","guid":{"rendered":"http:\/\/mitarbeiter.fh-kaernten.at\/florianbuchner\/?page_id=2"},"modified":"2025-05-21T14:17:58","modified_gmt":"2025-05-21T12:17:58","slug":"florian-buchner","status":"publish","type":"page","link":"https:\/\/mitarbeiter.fh-kaernten.at\/florianbuchner\/","title":{"rendered":"\u00dcber"},"content":{"rendered":"<h3><strong>FH-Prof. Dr. Florian Buchner M.P.H.<\/strong><\/h3>\n<h3>Ausbildung<\/h3>\n<ul>\n<li><strong>2002<\/strong><br \/>\nAbschluss der Dissertation zum Dr. rer. pol. mit summa cum laude<br \/>\nErnst-Moritz-Arndt-Universit\u00e4t, Greifswald<\/li>\n<li><strong>1995-1997<\/strong><br \/>\nAufbaustudium \u2018\u00d6ffentliche Gesundheit und Epidemiologie\u2019 (Public Health)<br \/>\nLudwig-Maximilians-Universit\u00e4t, M\u00fcnchen<\/li>\n<li><strong>1986-1992<\/strong><br \/>\nStudium der Mathematik mit dem Nebenfach Betriebswirtschaftslehre<br \/>\nUniversit\u00e4t Augsburg<\/li>\n<li><strong>1989-1992<\/strong><br \/>\nStudium der Genetik als zweitem Nebenfach<br \/>\nInstitut f\u00fcr Genetik und Mikrobiologie, Ludwig-Maximilians-Universit\u00e4t, M\u00fcnchen<\/li>\n<li><strong>1985-1986<\/strong><br \/>\nStudium der Pharmazie<br \/>\nLudwig-Maximilians-Universit\u00e4t, M\u00fcnchen<\/li>\n<\/ul>\n<h3>Beruflicher Werdegang<\/h3>\n<ul>\n<li><strong>Seit 2007<\/strong><br \/>\nProfessur f\u00fcr Gesundheits\u00f6konomie<br \/>\nFachhochschule K\u00e4rnten, \u00d6sterreich<\/p>\n<ul>\n<li><strong>2023 September\/Oktober<\/strong><br \/>\nBesuch am <a href=\"https:\/\/melbourne-cshe.unimelb.edu.au\/\" target=\"_blank\" rel=\"noopener\">CSHE<\/a> (Center for Studies in Higher Education) der University of Melbourne<\/li>\n<li><strong>2017<\/strong><br \/>\nVisiting Professor<br \/>\n<a href=\"https:\/\/www.murdoch.edu.au\/\" target=\"_blank\" rel=\"noopener\">Murdoch University<\/a>, Perth, Australien<\/li>\n<li><strong>2014<\/strong><br \/>\nVerleihung <a href=\"https:\/\/de.wikipedia.org\/wiki\/Ars_Docendi-Staatspreis_f%C3%BCr_exzellente_Lehre\" target=\"_blank\" rel=\"noopener\">ars docendi<\/a> (\u00d6sterreichischer Staatspreis f\u00fcr exzellente Lehre) im Bereich \u201eMedizin und Gesundheitswissenschaften\u201c<\/li>\n<li><strong>seit 2011<\/strong><br \/>\nassoziiertes Mitglied am <a href=\"https:\/\/cinch.uni-due.de\/\" target=\"_blank\" rel=\"noopener\">CINCH<\/a> (competent in competition and health), einem der durch das Bundesministerium f\u00fcr Bildung und Forschung gef\u00f6rderten \u201eZentren der gesundheits\u00f6konomischen Forschung\u201c an der Universit\u00e4t Duisburg-Essen<\/li>\n<li><strong>Seit 2024\u2028<\/strong><br \/>\nSeminare zur Hochschuldidaktik und Workshops zum Kritischen Denken in der Hochschuldidaktik am <a href=\"https:\/\/bayziel.de\/\" target=\"_blank\" rel=\"noopener\">BayZiel<\/a><\/li>\n<\/ul>\n<\/li>\n<li><strong>2001\u20132006<\/strong><br \/>\nProjekt Manager, Senior Underwriter<br \/>\nM\u00fcnchener R\u00fcck AG, Bereich \u201eGesundheit\u201c<\/li>\n<li><strong>1997\u20132001<\/strong><br \/>\nWissenschaftlicher Mitarbeiter<br \/>\nBayerischer Forschungsverbund Public Health<\/li>\n<li><strong>1993\u20131996<\/strong><br \/>\nReferent f\u00fcr versicherungsmathematische Angelegenheiten<br \/>\nBayerische Beamtenkrankenkasse, M\u00fcnchen<\/li>\n<\/ul>\n<h3>Fachliche und Fachdidaktische Aus-\/ Weiterbildung<\/h3>\n<ul>\n<li><strong>2021-2022<\/strong><br \/>\nAusbildung zum Systemischen Coach\/Systemischen Supervisor<\/li>\n<li><strong>2019-2020<\/strong><br \/>\nDachprogramm Lehren<br \/>\nAlfred Toepfer Stiftung, Hamburg<\/li>\n<li><strong>2014-2015<\/strong><br \/>\nGLOCOLL (Global Colloquium on Participant-Centered Learning)<br \/>\nHarvard Business School, Boston, Mass., USA<\/li>\n<li><strong>1999<\/strong><br \/>\nEuropean Healthcare Leadership Programme<br \/>\nINSEAD, Fointenbleau, Frankreich<\/li>\n<\/ul>\n<h3>Auszeichnungen<\/h3>\n<ul>\n<li><strong>2015<\/strong><br \/>\nBest Poster Award des Forschungstages der \u00d6sterreichischen Fachhochschulen (zusammen mit Sonja Datlinger-Kofler)<\/li>\n<li><strong>2014<\/strong><br \/>\n\u00d6sterreichischer Staatspreis f\u00fcr exzellente Lehre &#8222;Ars docendi&#8220; in der Kategorie Gesundheit und Medizin<\/li>\n<li><strong>2001<\/strong><br \/>\n1. Preis im Poster-Wettbewerb der iHEA (International Health Economics Association)<\/li>\n<\/ul>\n<h3>Wissenschaftliche Ver\u00f6ffentlichungen<\/h3>\n<p><strong>Im Bereich Gesundheits\u00f6konomie:<\/strong><\/p>\n<ul>\n<li>(Co-)Autor von Buch- und Lehrbuchkapiteln im Bereich der Gesundheits\u00f6konomie.<\/li>\n<li>Zahlreiche Konferenzbeitr\u00e4ge und Artikel in internationalen wissenschaftlichen Journals wie Health Policy, Health Economics, Geneva Papers on Risk and Insurance.<\/li>\n<\/ul>\n<p><strong>Im Bereich Hochschuldidaktik:<\/strong><\/p>\n<ul>\n<li>Konferenzbeitr\u00e4ge bei Jahrestagungen der Deutschen Gesellschaft f\u00fcr Hochschuldidaktik (dghd), Tag der Lehre der \u00d6sterreichischen Fachhochschulen, THE (Teaching Health Economics)-Group innerhalb der iHEA<\/li>\n<li>Publikationen z.B. im Neuen Handbuch f\u00fcr Hochschullehre<\/li>\n<\/ul>\n<h3>Sonstige T\u00e4tigkeiten und Mitgliedschaften<\/h3>\n<ul>\n<li>Mitglied des Vorstands des <a href=\"https:\/\/lehrehochn-netzwerk.de\/\" target=\"_blank\" rel=\"noopener\">Lehren Netzwerk e.V.<\/a> (seit 2021)<\/li>\n<li>Mitglied des Hochschuldidaktik-Netzwerks Lehren (seit 2019)<\/li>\n<li>Mitglied des Didaktikforums der Fachhochschule K\u00e4rnten (seit 2017)<\/li>\n<li>Mitglied des erweiterten Vorstands der <a href=\"http:\/\/www.athea.at\/committees\/\" target=\"_blank\" rel=\"noopener\">ATHEA<\/a> (Austrian Health Economics Association) (seit 2015)<\/li>\n<li>Mitglied des Entwicklungsteams f\u00fcr die Einrichtung eines Didaktikzentrums an der Fachhochschule K\u00e4rnten (2015-16).<\/li>\n<li>Assoziiertes Mitglied des CINCH (competent in competition and health), einem der durch das Bundesministerium f\u00fcr Bildung und Forschung gef\u00f6rderten \u201eZentren der gesundheits\u00f6konomischen Forschung\u201c (seit 2011)<\/li>\n<li>Mitglied des FH-Kollegium der Fachhochschule K\u00e4rnten (2009-2015)<\/li>\n<li>Mitglied der <a href=\"https:\/\/dggoe.de\/\" target=\"_blank\" rel=\"noopener\">DGG\u00d6<\/a> (Deutsche Gesellschaft f\u00fcr Gesundheits\u00f6konomie) (seit 2009); Mitglied des erweiterten Vorstands und des Ausschusses f\u00fcr Krankenversicherung (2015-2017)<\/li>\n<li>Mitglied der <a href=\"https:\/\/www.healtheconomics.org\/\" target=\"_blank\" rel=\"noopener\">iHEA<\/a> (International Health Economics Association) (seit 2001)<\/li>\n<li>Gr\u00fcndungsmitglied von <a href=\"http:\/\/www.riskadjustment.net\/\" target=\"_blank\" rel=\"noopener\">RAN<\/a> (Risk Adjustment Network) (seit 2000)<\/li>\n<\/ul>\n","protected":false},"excerpt":{"rendered":"<p>FH-Prof. Dr. Florian Buchner M.P.H. Ausbildung 2002 Abschluss der Dissertation zum Dr. rer. pol. mit summa cum laude Ernst-Moritz-Arndt-Universit\u00e4t, Greifswald 1995-1997 Aufbaustudium \u2018\u00d6ffentliche Gesundheit und Epidemiologie\u2019 (Public Health) Ludwig-Maximilians-Universit\u00e4t, M\u00fcnchen 1986-1992 Studium der Mathematik mit dem Nebenfach Betriebswirtschaftslehre Universit\u00e4t Augsburg<\/p>\n","protected":false},"author":3,"featured_media":102,"parent":0,"menu_order":1,"comment_status":"closed","ping_status":"closed","template":"","meta":{"footnotes":""},"class_list":["post-2","page","type-page","status-publish","has-post-thumbnail","hentry"],"_links":{"self":[{"href":"https:\/\/mitarbeiter.fh-kaernten.at\/florianbuchner\/wp-json\/wp\/v2\/pages\/2","targetHints":{"allow":["GET"]}}],"collection":[{"href":"https:\/\/mitarbeiter.fh-kaernten.at\/florianbuchner\/wp-json\/wp\/v2\/pages"}],"about":[{"href":"https:\/\/mitarbeiter.fh-kaernten.at\/florianbuchner\/wp-json\/wp\/v2\/types\/page"}],"author":[{"embeddable":true,"href":"https:\/\/mitarbeiter.fh-kaernten.at\/florianbuchner\/wp-json\/wp\/v2\/users\/3"}],"replies":[{"embeddable":true,"href":"https:\/\/mitarbeiter.fh-kaernten.at\/florianbuchner\/wp-json\/wp\/v2\/comments?post=2"}],"version-history":[{"count":3,"href":"https:\/\/mitarbeiter.fh-kaernten.at\/florianbuchner\/wp-json\/wp\/v2\/pages\/2\/revisions"}],"predecessor-version":[{"id":130,"href":"https:\/\/mitarbeiter.fh-kaernten.at\/florianbuchner\/wp-json\/wp\/v2\/pages\/2\/revisions\/130"}],"wp:featuredmedia":[{"embeddable":true,"href":"https:\/\/mitarbeiter.fh-kaernten.at\/florianbuchner\/wp-json\/wp\/v2\/media\/102"}],"wp:attachment":[{"href":"https:\/\/mitarbeiter.fh-kaernten.at\/florianbuchner\/wp-json\/wp\/v2\/media?parent=2"}],"curies":[{"name":"wp","href":"https:\/\/api.w.org\/{rel}","templated":true}]}}